{"id":1742,"date":"2024-11-07T09:43:34","date_gmt":"2024-11-07T08:43:34","guid":{"rendered":"https:\/\/www2.boris45.com\/empresas\/"},"modified":"2025-01-21T14:33:51","modified_gmt":"2025-01-21T13:33:51","slug":"empresas","status":"publish","type":"page","link":"https:\/\/www.boris45.com\/es\/empresas\/","title":{"rendered":"EMPRESAS"},"content":{"rendered":"\t\t<div data-elementor-type=\"wp-page\" data-elementor-id=\"1742\" class=\"elementor elementor-1742 elementor-79\" data-elementor-post-type=\"page\">\n\t\t\t\t<div class=\"elementor-element elementor-element-7684e600 e-flex e-con-boxed e-con e-parent\" data-id=\"7684e600\" data-element_type=\"container\" data-e-type=\"container\" data-settings=\"{&quot;background_background&quot;:&quot;classic&quot;}\">\n\t\t\t\t\t<div class=\"e-con-inner\">\n\t\t\t\t<div class=\"elementor-element elementor-element-62922d7f elementor-widget elementor-widget-heading\" data-id=\"62922d7f\" data-element_type=\"widget\" data-e-type=\"widget\" data-widget_type=\"heading.default\">\n\t\t\t\t<div class=\"elementor-widget-container\">\n\t\t\t\t\t<h1 class=\"elementor-heading-title elementor-size-default\">Cocina tradicional e innovadora <br><\/h1>\t\t\t\t<\/div>\n\t\t\t\t<\/div>\n\t\t\t\t\t<\/div>\n\t\t\t\t<\/div>\n\t\t<div class=\"elementor-element elementor-element-50ae4159 e-con-full e-flex e-con e-parent\" data-id=\"50ae4159\" data-element_type=\"container\" data-e-type=\"container\">\n\t\t<div class=\"elementor-element elementor-element-57c98779 e-con-full e-flex e-con e-child\" data-id=\"57c98779\" data-element_type=\"container\" data-e-type=\"container\" data-settings=\"{&quot;background_background&quot;:&quot;classic&quot;,&quot;background_motion_fx_motion_fx_scrolling&quot;:&quot;yes&quot;,&quot;background_motion_fx_translateY_effect&quot;:&quot;yes&quot;,&quot;background_motion_fx_translateY_speed&quot;:{&quot;unit&quot;:&quot;px&quot;,&quot;size&quot;:4,&quot;sizes&quot;:[]},&quot;background_motion_fx_translateY_affectedRange&quot;:{&quot;unit&quot;:&quot;%&quot;,&quot;size&quot;:&quot;&quot;,&quot;sizes&quot;:{&quot;start&quot;:0,&quot;end&quot;:100}},&quot;background_motion_fx_devices&quot;:[&quot;desktop&quot;,&quot;tablet_extra&quot;,&quot;tablet&quot;,&quot;mobile&quot;]}\">\n\t\t\t\t<\/div>\n\t\t<div class=\"elementor-element elementor-element-5ba8ccb7 e-con-full e-flex e-con e-child\" data-id=\"5ba8ccb7\" data-element_type=\"container\" data-e-type=\"container\">\n\t\t\t\t<div class=\"elementor-element elementor-element-41e52873 elementor-headline--style-highlight elementor-widget elementor-widget-animated-headline\" data-id=\"41e52873\" data-element_type=\"widget\" data-e-type=\"widget\" data-settings=\"{&quot;highlighted_text&quot;:&quot;empresarial&quot;,&quot;headline_style&quot;:&quot;highlight&quot;,&quot;marker&quot;:&quot;circle&quot;,&quot;loop&quot;:&quot;yes&quot;,&quot;highlight_animation_duration&quot;:1200,&quot;highlight_iteration_delay&quot;:8000}\" data-widget_type=\"animated-headline.default\">\n\t\t\t\t<div class=\"elementor-widget-container\">\n\t\t\t\t\t\t\t<h3 class=\"elementor-headline\">\n\t\t\t\t\t<span class=\"elementor-headline-plain-text elementor-headline-text-wrapper\">Servicio<\/span>\n\t\t\t\t<span class=\"elementor-headline-dynamic-wrapper elementor-headline-text-wrapper\">\n\t\t\t\t\t<span class=\"elementor-headline-dynamic-text elementor-headline-text-active\">empresarial<\/span>\n\t\t\t\t<\/span>\n\t\t\t\t<\/h3>\n\t\t\t\t\t\t<\/div>\n\t\t\t\t<\/div>\n\t\t\t\t<div class=\"elementor-element elementor-element-226fc799 elementor-widget elementor-widget-text-editor\" data-id=\"226fc799\" data-element_type=\"widget\" data-e-type=\"widget\" data-widget_type=\"text-editor.default\">\n\t\t\t\t<div class=\"elementor-widget-container\">\n\t\t\t\t\t\t\t\t\t<p>Ofrecemos y adaptamos un servicio de cocina con conceptos m\u00e1s tradicionales e innovadores, adaptados a los gustos y preferencias de los usuarios. Nuestra oferta gastron\u00f3mica mediterr\u00e1nea contempla diferentes opciones y alternativas seg\u00fan la franja del d\u00eda para dar variedad a la hora de elegir y ofrecer una buena din\u00e1mica dentro del restaurante.  <\/p>\n\t\t\t\t\t\t\t\t<\/div>\n\t\t\t\t<\/div>\n\t\t\t\t<div class=\"elementor-element elementor-element-e33c947 elementor-align-left elementor-widget elementor-widget-button\" data-id=\"e33c947\" data-element_type=\"widget\" data-e-type=\"widget\" data-widget_type=\"button.default\">\n\t\t\t\t<div class=\"elementor-widget-container\">\n\t\t\t\t\t\t\t\t\t<div class=\"elementor-button-wrapper\">\n\t\t\t\t\t<a class=\"elementor-button elementor-button-link elementor-size-sm\" href=\"https:\/\/www.boris45.com\/es\/contacto\/\">\n\t\t\t\t\t\t<span class=\"elementor-button-content-wrapper\">\n\t\t\t\t\t\t\t\t\t<span class=\"elementor-button-text\">Ponte en contacto con nosotros<\/span>\n\t\t\t\t\t<\/span>\n\t\t\t\t\t<\/a>\n\t\t\t\t<\/div>\n\t\t\t\t\t\t\t\t<\/div>\n\t\t\t\t<\/div>\n\t\t\t\t<\/div>\n\t\t\t\t<\/div>\n\t\t<div class=\"elementor-element elementor-element-9ce1edd e-flex e-con-boxed e-con e-parent\" data-id=\"9ce1edd\" data-element_type=\"container\" data-e-type=\"container\" data-settings=\"{&quot;background_background&quot;:&quot;classic&quot;}\">\n\t\t\t\t\t<div class=\"e-con-inner\">\n\t\t<div class=\"elementor-element elementor-element-28fc694a e-con-full e-flex e-con e-child\" data-id=\"28fc694a\" data-element_type=\"container\" data-e-type=\"container\">\n\t\t\t\t<div class=\"elementor-element elementor-element-613b402a elementor-widget elementor-widget-counter\" data-id=\"613b402a\" data-element_type=\"widget\" data-e-type=\"widget\" data-widget_type=\"counter.default\">\n\t\t\t\t<div class=\"elementor-widget-container\">\n\t\t\t\t\t\t\t<div class=\"elementor-counter\">\n\t\t\t<div class=\"elementor-counter-title\">Comidas diarias<\/div>\t\t\t<div class=\"elementor-counter-number-wrapper\">\n\t\t\t\t<span class=\"elementor-counter-number-prefix\"><\/span>\n\t\t\t\t<span class=\"elementor-counter-number\" data-duration=\"2000\" data-to-value=\"14.985\" data-from-value=\"0\" data-delimiter=\",\">0<\/span>\n\t\t\t\t<span class=\"elementor-counter-number-suffix\"><\/span>\n\t\t\t<\/div>\n\t\t<\/div>\n\t\t\t\t\t\t<\/div>\n\t\t\t\t<\/div>\n\t\t\t\t<\/div>\n\t\t<div class=\"elementor-element elementor-element-4690e24a e-con-full e-flex e-con e-child\" data-id=\"4690e24a\" data-element_type=\"container\" data-e-type=\"container\">\n\t\t\t\t<div class=\"elementor-element elementor-element-30834a57 elementor-widget elementor-widget-counter\" data-id=\"30834a57\" data-element_type=\"widget\" data-e-type=\"widget\" data-widget_type=\"counter.default\">\n\t\t\t\t<div class=\"elementor-widget-container\">\n\t\t\t\t\t\t\t<div class=\"elementor-counter\">\n\t\t\t<div class=\"elementor-counter-title\">A\u00f1os de experiencia<\/div>\t\t\t<div class=\"elementor-counter-number-wrapper\">\n\t\t\t\t<span class=\"elementor-counter-number-prefix\"><\/span>\n\t\t\t\t<span class=\"elementor-counter-number\" data-duration=\"2000\" data-to-value=\"40\" data-from-value=\"0\" data-delimiter=\",\">0<\/span>\n\t\t\t\t<span class=\"elementor-counter-number-suffix\"><\/span>\n\t\t\t<\/div>\n\t\t<\/div>\n\t\t\t\t\t\t<\/div>\n\t\t\t\t<\/div>\n\t\t\t\t<\/div>\n\t\t<div class=\"elementor-element elementor-element-690d1176 e-con-full e-flex e-con e-child\" data-id=\"690d1176\" data-element_type=\"container\" data-e-type=\"container\">\n\t\t\t\t<div class=\"elementor-element elementor-element-459b2a71 elementor-widget elementor-widget-counter\" data-id=\"459b2a71\" data-element_type=\"widget\" data-e-type=\"widget\" data-widget_type=\"counter.default\">\n\t\t\t\t<div class=\"elementor-widget-container\">\n\t\t\t\t\t\t\t<div class=\"elementor-counter\">\n\t\t\t<div class=\"elementor-counter-title\">Profesionales<\/div>\t\t\t<div class=\"elementor-counter-number-wrapper\">\n\t\t\t\t<span class=\"elementor-counter-number-prefix\"><\/span>\n\t\t\t\t<span class=\"elementor-counter-number\" data-duration=\"2000\" data-to-value=\"580\" data-from-value=\"0\" data-delimiter=\",\">0<\/span>\n\t\t\t\t<span class=\"elementor-counter-number-suffix\"><\/span>\n\t\t\t<\/div>\n\t\t<\/div>\n\t\t\t\t\t\t<\/div>\n\t\t\t\t<\/div>\n\t\t\t\t<\/div>\n\t\t<div class=\"elementor-element elementor-element-528d1d5e e-con-full e-flex e-con e-child\" data-id=\"528d1d5e\" data-element_type=\"container\" data-e-type=\"container\">\n\t\t\t\t<div class=\"elementor-element elementor-element-2c76a2a6 elementor-widget elementor-widget-counter\" data-id=\"2c76a2a6\" data-element_type=\"widget\" data-e-type=\"widget\" data-widget_type=\"counter.default\">\n\t\t\t\t<div class=\"elementor-widget-container\">\n\t\t\t\t\t\t\t<div class=\"elementor-counter\">\n\t\t\t<div class=\"elementor-counter-title\">Cocinas centrales<\/div>\t\t\t<div class=\"elementor-counter-number-wrapper\">\n\t\t\t\t<span class=\"elementor-counter-number-prefix\"><\/span>\n\t\t\t\t<span class=\"elementor-counter-number\" data-duration=\"2000\" data-to-value=\"3\" data-from-value=\"0\" data-delimiter=\",\">0<\/span>\n\t\t\t\t<span class=\"elementor-counter-number-suffix\"><\/span>\n\t\t\t<\/div>\n\t\t<\/div>\n\t\t\t\t\t\t<\/div>\n\t\t\t\t<\/div>\n\t\t\t\t<\/div>\n\t\t\t\t\t<\/div>\n\t\t\t\t<\/div>\n\t\t\t\t<\/div>\n\t\t","protected":false},"excerpt":{"rendered":"<p>Cocina tradicional e innovadora Servicio empresarial Ofrecemos y adaptamos un servicio de cocina con conceptos m\u00e1s tradicionales e innovadores, adaptados a los gustos y preferencias de los usuarios. Nuestra oferta gastron\u00f3mica mediterr\u00e1nea contempla diferentes opciones y alternativas seg\u00fan la franja del d\u00eda para dar variedad a la hora de elegir y ofrecer una buena din\u00e1mica [&hellip;]<\/p>\n","protected":false},"author":1,"featured_media":0,"parent":0,"menu_order":0,"comment_status":"closed","ping_status":"closed","template":"elementor_header_footer","meta":{"footnotes":""},"class_list":["post-1742","page","type-page","status-publish","hentry"],"yoast_head":"<!-- This site is optimized with the Yoast SEO plugin v27.1.1 - https:\/\/yoast.com\/product\/yoast-seo-wordpress\/ -->\n<title>EMPRESAS - Boris 45<\/title>\n<meta name=\"description\" content=\"Cocina tradicional e innovadora Servicio empresarial Ofrecemos y adaptamos un servicio de cocina con conceptos m\u00e1s tradicionales e innovadores, adaptados\" \/>\n<meta name=\"robots\" content=\"noindex, follow, max-snippet:-1, max-image-preview:large, max-video-preview:-1\" \/>\n<meta property=\"og:locale\" content=\"es_ES\" \/>\n<meta property=\"og:type\" content=\"article\" \/>\n<meta property=\"og:title\" content=\"EMPRESAS - Boris 45\" \/>\n<meta property=\"og:description\" content=\"Cocina tradicional e innovadora Servicio empresarial Ofrecemos y adaptamos un servicio de cocina con conceptos m\u00e1s tradicionales e innovadores, adaptados\" \/>\n<meta property=\"og:url\" content=\"https:\/\/www.boris45.com\/empreses\/\" \/>\n<meta property=\"og:site_name\" content=\"Boris 45\" \/>\n<meta property=\"article:modified_time\" content=\"2025-01-21T13:33:51+00:00\" \/>\n<meta property=\"og:image\" content=\"https:\/\/www.boris45.com\/wp-content\/uploads\/2024\/11\/logo-boris-45-color.png\" \/>\n\t<meta property=\"og:image:width\" content=\"310\" \/>\n\t<meta property=\"og:image:height\" content=\"151\" \/>\n\t<meta property=\"og:image:type\" content=\"image\/png\" \/>\n<meta name=\"twitter:card\" content=\"summary_large_image\" \/>\n<meta name=\"twitter:label1\" content=\"Tiempo de lectura\" \/>\n\t<meta name=\"twitter:data1\" content=\"1 minuto\" \/>\n<script type=\"application\/ld+json\" class=\"yoast-schema-graph\">{\"@context\":\"https:\/\/schema.org\",\"@graph\":[{\"@type\":\"WebPage\",\"@id\":\"https:\/\/www.boris45.com\/empreses\/\",\"url\":\"https:\/\/www.boris45.com\/empreses\/\",\"name\":\"EMPRESAS - Boris 45\",\"isPartOf\":{\"@id\":\"https:\/\/www.boris45.com\/#website\"},\"datePublished\":\"2024-11-07T08:43:34+00:00\",\"dateModified\":\"2025-01-21T13:33:51+00:00\",\"description\":\"Cocina tradicional e innovadora Servicio empresarial Ofrecemos y adaptamos un servicio de cocina con conceptos m\u00e1s tradicionales e innovadores, adaptados\",\"breadcrumb\":{\"@id\":\"https:\/\/www.boris45.com\/empreses\/#breadcrumb\"},\"inLanguage\":\"es\",\"potentialAction\":[{\"@type\":\"ReadAction\",\"target\":[\"https:\/\/www.boris45.com\/empreses\/\"]}]},{\"@type\":\"BreadcrumbList\",\"@id\":\"https:\/\/www.boris45.com\/empreses\/#breadcrumb\",\"itemListElement\":[{\"@type\":\"ListItem\",\"position\":1,\"name\":\"Portada\",\"item\":\"https:\/\/www.boris45.com\/es\/inicio\/\"},{\"@type\":\"ListItem\",\"position\":2,\"name\":\"EMPRESAS\"}]},{\"@type\":\"WebSite\",\"@id\":\"https:\/\/www.boris45.com\/#website\",\"url\":\"https:\/\/www.boris45.com\/\",\"name\":\"Boris 45\",\"description\":\"Serveis de Restauraci\u00f3 per a Col\u00b7lectivitats\",\"publisher\":{\"@id\":\"https:\/\/www.boris45.com\/#organization\"},\"potentialAction\":[{\"@type\":\"SearchAction\",\"target\":{\"@type\":\"EntryPoint\",\"urlTemplate\":\"https:\/\/www.boris45.com\/?s={search_term_string}\"},\"query-input\":{\"@type\":\"PropertyValueSpecification\",\"valueRequired\":true,\"valueName\":\"search_term_string\"}}],\"inLanguage\":\"es\"},{\"@type\":\"Organization\",\"@id\":\"https:\/\/www.boris45.com\/#organization\",\"name\":\"Boris 45\",\"url\":\"https:\/\/www.boris45.com\/\",\"logo\":{\"@type\":\"ImageObject\",\"inLanguage\":\"es\",\"@id\":\"https:\/\/www.boris45.com\/#\/schema\/logo\/image\/\",\"url\":\"https:\/\/www.boris45.com\/wp-content\/uploads\/2024\/11\/logo-boris-45-blanc.png\",\"contentUrl\":\"https:\/\/www.boris45.com\/wp-content\/uploads\/2024\/11\/logo-boris-45-blanc.png\",\"width\":845,\"height\":594,\"caption\":\"Boris 45\"},\"image\":{\"@id\":\"https:\/\/www.boris45.com\/#\/schema\/logo\/image\/\"}}]}<\/script>\n<!-- \/ Yoast SEO plugin. -->","yoast_head_json":{"title":"EMPRESAS - Boris 45","description":"Cocina tradicional e innovadora Servicio empresarial Ofrecemos y adaptamos un servicio de cocina con conceptos m\u00e1s tradicionales e innovadores, adaptados","robots":{"index":"noindex","follow":"follow","max-snippet":"max-snippet:-1","max-image-preview":"max-image-preview:large","max-video-preview":"max-video-preview:-1"},"og_locale":"es_ES","og_type":"article","og_title":"EMPRESAS - Boris 45","og_description":"Cocina tradicional e innovadora Servicio empresarial Ofrecemos y adaptamos un servicio de cocina con conceptos m\u00e1s tradicionales e innovadores, adaptados","og_url":"https:\/\/www.boris45.com\/empreses\/","og_site_name":"Boris 45","article_modified_time":"2025-01-21T13:33:51+00:00","og_image":[{"width":310,"height":151,"url":"https:\/\/www.boris45.com\/wp-content\/uploads\/2024\/11\/logo-boris-45-color.png","type":"image\/png"}],"twitter_card":"summary_large_image","twitter_misc":{"Tiempo de lectura":"1 minuto"},"schema":{"@context":"https:\/\/schema.org","@graph":[{"@type":"WebPage","@id":"https:\/\/www.boris45.com\/empreses\/","url":"https:\/\/www.boris45.com\/empreses\/","name":"EMPRESAS - Boris 45","isPartOf":{"@id":"https:\/\/www.boris45.com\/#website"},"datePublished":"2024-11-07T08:43:34+00:00","dateModified":"2025-01-21T13:33:51+00:00","description":"Cocina tradicional e innovadora Servicio empresarial Ofrecemos y adaptamos un servicio de cocina con conceptos m\u00e1s tradicionales e innovadores, adaptados","breadcrumb":{"@id":"https:\/\/www.boris45.com\/empreses\/#breadcrumb"},"inLanguage":"es","potentialAction":[{"@type":"ReadAction","target":["https:\/\/www.boris45.com\/empreses\/"]}]},{"@type":"BreadcrumbList","@id":"https:\/\/www.boris45.com\/empreses\/#breadcrumb","itemListElement":[{"@type":"ListItem","position":1,"name":"Portada","item":"https:\/\/www.boris45.com\/es\/inicio\/"},{"@type":"ListItem","position":2,"name":"EMPRESAS"}]},{"@type":"WebSite","@id":"https:\/\/www.boris45.com\/#website","url":"https:\/\/www.boris45.com\/","name":"Boris 45","description":"Serveis de Restauraci\u00f3 per a Col\u00b7lectivitats","publisher":{"@id":"https:\/\/www.boris45.com\/#organization"},"potentialAction":[{"@type":"SearchAction","target":{"@type":"EntryPoint","urlTemplate":"https:\/\/www.boris45.com\/?s={search_term_string}"},"query-input":{"@type":"PropertyValueSpecification","valueRequired":true,"valueName":"search_term_string"}}],"inLanguage":"es"},{"@type":"Organization","@id":"https:\/\/www.boris45.com\/#organization","name":"Boris 45","url":"https:\/\/www.boris45.com\/","logo":{"@type":"ImageObject","inLanguage":"es","@id":"https:\/\/www.boris45.com\/#\/schema\/logo\/image\/","url":"https:\/\/www.boris45.com\/wp-content\/uploads\/2024\/11\/logo-boris-45-blanc.png","contentUrl":"https:\/\/www.boris45.com\/wp-content\/uploads\/2024\/11\/logo-boris-45-blanc.png","width":845,"height":594,"caption":"Boris 45"},"image":{"@id":"https:\/\/www.boris45.com\/#\/schema\/logo\/image\/"}}]}},"_links":{"self":[{"href":"https:\/\/www.boris45.com\/es\/wp-json\/wp\/v2\/pages\/1742","targetHints":{"allow":["GET"]}}],"collection":[{"href":"https:\/\/www.boris45.com\/es\/wp-json\/wp\/v2\/pages"}],"about":[{"href":"https:\/\/www.boris45.com\/es\/wp-json\/wp\/v2\/types\/page"}],"author":[{"embeddable":true,"href":"https:\/\/www.boris45.com\/es\/wp-json\/wp\/v2\/users\/1"}],"replies":[{"embeddable":true,"href":"https:\/\/www.boris45.com\/es\/wp-json\/wp\/v2\/comments?post=1742"}],"version-history":[{"count":6,"href":"https:\/\/www.boris45.com\/es\/wp-json\/wp\/v2\/pages\/1742\/revisions"}],"predecessor-version":[{"id":2047,"href":"https:\/\/www.boris45.com\/es\/wp-json\/wp\/v2\/pages\/1742\/revisions\/2047"}],"wp:attachment":[{"href":"https:\/\/www.boris45.com\/es\/wp-json\/wp\/v2\/media?parent=1742"}],"curies":[{"name":"wp","href":"https:\/\/api.w.org\/{rel}","templated":true}]}}