{"id":1759,"date":"2024-11-12T11:57:43","date_gmt":"2024-11-12T10:57:43","guid":{"rendered":"https:\/\/www2.boris45.com\/presidente\/"},"modified":"2025-01-21T12:55:17","modified_gmt":"2025-01-21T11:55:17","slug":"presidente","status":"publish","type":"page","link":"https:\/\/www.boris45.com\/es\/presidente\/","title":{"rendered":"PRESIDENTE"},"content":{"rendered":"\t\t<div data-elementor-type=\"wp-page\" data-elementor-id=\"1759\" class=\"elementor elementor-1759 elementor-121\" data-elementor-post-type=\"page\">\n\t\t\t\t<div class=\"elementor-element elementor-element-6f6a7f0c e-con-full e-flex e-con e-parent\" data-id=\"6f6a7f0c\" data-element_type=\"container\" data-e-type=\"container\">\n\t\t<div class=\"elementor-element elementor-element-16f8534f e-con-full e-flex e-con e-child\" data-id=\"16f8534f\" data-element_type=\"container\" data-e-type=\"container\" data-settings=\"{&quot;background_background&quot;:&quot;classic&quot;}\">\n\t\t\t\t<\/div>\n\t\t<div class=\"elementor-element elementor-element-18a81b35 e-con-full e-flex e-con e-child\" data-id=\"18a81b35\" data-element_type=\"container\" data-e-type=\"container\">\n\t\t\t\t<div class=\"elementor-element elementor-element-4ebbd13d elementor-widget elementor-widget-heading\" data-id=\"4ebbd13d\" data-element_type=\"widget\" data-e-type=\"widget\" data-widget_type=\"heading.default\">\n\t\t\t\t<div class=\"elementor-widget-container\">\n\t\t\t\t\t<h2 class=\"elementor-heading-title elementor-size-default\">Presentaci\u00f3n Presidente<\/h2>\t\t\t\t<\/div>\n\t\t\t\t<\/div>\n\t\t\t\t<div class=\"elementor-element elementor-element-be03655 elementor-widget elementor-widget-text-editor\" data-id=\"be03655\" data-element_type=\"widget\" data-e-type=\"widget\" data-widget_type=\"text-editor.default\">\n\t\t\t\t<div class=\"elementor-widget-container\">\n\t\t\t\t\t\t\t\t\t<p data-pm-slice=\"1 1 []\">Me complace saludaros en nombre de Boris 45, una empresa dedicada a la restauraci\u00f3n colectiva con cuatro d\u00e9cadas de historia sobre nuestros hombros.<br \/>\nBoris 45 empez\u00f3 su trayectoria el 27 de noviembre de 1984 en la calle Boris Fontesta 45 de Barcelona como una empresa para dar servicio de restauraci\u00f3n en los centros asistenciales que gestionaba la familia Sucarrats.<br \/>\nDurante estos 40 a\u00f1os hemos disfrutado de una evoluci\u00f3n constante con 4 hitos que me gustar\u00eda destacar:  <\/p>\n<p>\u2022 En el 2002 salimos de la gesti\u00f3n de nuestros propios centros, con la decisi\u00f3n de crecer y dar servicio en otros centros y clientes externos.<br \/>\u2022 Actualmente hemos llegado a m\u00e1s de 16.800 men\u00fas diarios.<br \/>\u2022 Hemos alcanzado una plantilla de 748 trabajadores.<br \/>\u2022 Un hito muy satisfactorio es que, este a\u00f1o, la tercera generaci\u00f3n familiar ha entrado a trabajar con nosotros.<\/p>\n<p>Pero durante estos a\u00f1os, no hemos olvidado que somos una empresa familiar, incluso me atrever\u00eda a decir que somos una empresa familiar tradicional, con los valores que las empresas familiares tienen en Catalu\u00f1a y han cultivado a lo largo de los a\u00f1os.<br \/>\nBoris 45 forma parte de un entramado empresarial m\u00e1s amplio, con otros sectores de negocio y donde el n\u00facleo familiar es la propia esencia de la empresa.<br \/>\nSabemos perfectamente que no hay mejor receta que el compromiso para sacar adelante un proyecto empresarial, y en este sentido, hemos hecho c\u00f3mplices de esta idea a los trabajadores de nuestros centros que, l\u00f3gicamente, son parte esencial de nuestro proyecto.  <\/p>\n<p>Centramos nuestra actividad principalmente en la restauraci\u00f3n de colectividades, especialmente en el sector sanitario, social y residencial, y trabajamos con el compromiso de dar un servicio de calidad, tratando siempre de mejorar y actualizar los servicios de restauraci\u00f3n en todos los \u00e1mbitos, aportando nuevas soluciones tecnol\u00f3gicas y operativas que garanticen el equilibrio tanto econ\u00f3mico como de seguridad alimentaria, as\u00ed como pensando en todo lo que hacemos con perspectivas de futuro.<\/p>\n<p>Como dec\u00eda, desde Boris 45 hemos aceptado todos los retos que la evoluci\u00f3n del sector nos ha ido planteando, y en alg\u00fan caso, incluso, intentando avanzar en el tiempo.<\/p>\n<p>Actualmente, nuestro reto principal es aportar nuestra experiencia para mejorar la sostenibilidad de nuestras actividades, m\u00e1s all\u00e1 de los acuerdos que tenemos con nuestros clientes y proveedores.<br \/>\nEn este sentido, vamos un paso por delante para aportar proximidad a nuestros servicios, reduciendo la huella de carbono y evitando el derroche alimentario mediante gesti\u00f3n y altruismo por no desaprovechar el producto. <\/p>\n<p>Nada me har\u00eda m\u00e1s feliz; que dejar en manos de las futuras generaciones de miembros de Boris 45, clientes y colaboradores la empresa referente a Catalunya no en facturaci\u00f3n pero s\u00ed en integraci\u00f3n en el territorio.<\/p>\n\t\t\t\t\t\t\t\t<\/div>\n\t\t\t\t<\/div>\n\t\t\t\t<div class=\"elementor-element elementor-element-4ae93d9 elementor-widget elementor-widget-heading\" data-id=\"4ae93d9\" data-element_type=\"widget\" data-e-type=\"widget\" data-widget_type=\"heading.default\">\n\t\t\t\t<div class=\"elementor-widget-container\">\n\t\t\t\t\t<h5 class=\"elementor-heading-title elementor-size-default\">D.\nFeliu Sucarrats i Margarit. <\/h5>\t\t\t\t<\/div>\n\t\t\t\t<\/div>\n\t\t\t\t<\/div>\n\t\t\t\t<\/div>\n\t\t\t\t<\/div>\n\t\t","protected":false},"excerpt":{"rendered":"<p>Presentaci\u00f3n Presidente Me complace saludaros en nombre de Boris 45, una empresa dedicada a la restauraci\u00f3n colectiva con cuatro d\u00e9cadas de historia sobre nuestros hombros. Boris 45 empez\u00f3 su trayectoria el 27 de noviembre de 1984 en la calle Boris Fontesta 45 de Barcelona como una empresa para dar servicio de restauraci\u00f3n en los centros [&hellip;]<\/p>\n","protected":false},"author":1,"featured_media":0,"parent":0,"menu_order":0,"comment_status":"closed","ping_status":"closed","template":"elementor_header_footer","meta":{"footnotes":""},"class_list":["post-1759","page","type-page","status-publish","hentry"],"yoast_head":"<!-- This site is optimized with the Yoast SEO plugin v27.1.1 - https:\/\/yoast.com\/product\/yoast-seo-wordpress\/ -->\n<title>PRESIDENTE - Boris 45<\/title>\n<meta name=\"description\" content=\"Presentaci\u00f3n Presidente Me complace saludaros en nombre de Boris 45, una empresa dedicada a la restauraci\u00f3n colectiva con cuatro d\u00e9cadas de historia sobre\" \/>\n<meta name=\"robots\" content=\"noindex, follow, max-snippet:-1, max-image-preview:large, max-video-preview:-1\" \/>\n<meta property=\"og:locale\" content=\"es_ES\" \/>\n<meta property=\"og:type\" content=\"article\" \/>\n<meta property=\"og:title\" content=\"PRESIDENTE - Boris 45\" \/>\n<meta property=\"og:description\" content=\"Presentaci\u00f3n Presidente Me complace saludaros en nombre de Boris 45, una empresa dedicada a la restauraci\u00f3n colectiva con cuatro d\u00e9cadas de historia sobre\" \/>\n<meta property=\"og:url\" content=\"https:\/\/www.boris45.com\/president\/\" \/>\n<meta property=\"og:site_name\" content=\"Boris 45\" \/>\n<meta property=\"article:modified_time\" content=\"2025-01-21T11:55:17+00:00\" \/>\n<meta property=\"og:image\" content=\"https:\/\/www.boris45.com\/wp-content\/uploads\/2024\/11\/logo-boris-45-color.png\" \/>\n\t<meta property=\"og:image:width\" content=\"310\" \/>\n\t<meta property=\"og:image:height\" content=\"151\" \/>\n\t<meta property=\"og:image:type\" content=\"image\/png\" \/>\n<meta name=\"twitter:card\" content=\"summary_large_image\" \/>\n<meta name=\"twitter:label1\" content=\"Tiempo de lectura\" \/>\n\t<meta name=\"twitter:data1\" content=\"2 minutos\" \/>\n<script type=\"application\/ld+json\" class=\"yoast-schema-graph\">{\"@context\":\"https:\/\/schema.org\",\"@graph\":[{\"@type\":\"WebPage\",\"@id\":\"https:\/\/www.boris45.com\/president\/\",\"url\":\"https:\/\/www.boris45.com\/president\/\",\"name\":\"PRESIDENTE - Boris 45\",\"isPartOf\":{\"@id\":\"https:\/\/www.boris45.com\/#website\"},\"datePublished\":\"2024-11-12T10:57:43+00:00\",\"dateModified\":\"2025-01-21T11:55:17+00:00\",\"description\":\"Presentaci\u00f3n Presidente Me complace saludaros en nombre de Boris 45, una empresa dedicada a la restauraci\u00f3n colectiva con cuatro d\u00e9cadas de historia sobre\",\"breadcrumb\":{\"@id\":\"https:\/\/www.boris45.com\/president\/#breadcrumb\"},\"inLanguage\":\"es\",\"potentialAction\":[{\"@type\":\"ReadAction\",\"target\":[\"https:\/\/www.boris45.com\/president\/\"]}]},{\"@type\":\"BreadcrumbList\",\"@id\":\"https:\/\/www.boris45.com\/president\/#breadcrumb\",\"itemListElement\":[{\"@type\":\"ListItem\",\"position\":1,\"name\":\"Portada\",\"item\":\"https:\/\/www.boris45.com\/es\/inicio\/\"},{\"@type\":\"ListItem\",\"position\":2,\"name\":\"PRESIDENTE\"}]},{\"@type\":\"WebSite\",\"@id\":\"https:\/\/www.boris45.com\/#website\",\"url\":\"https:\/\/www.boris45.com\/\",\"name\":\"Boris 45\",\"description\":\"Serveis de Restauraci\u00f3 per a Col\u00b7lectivitats\",\"publisher\":{\"@id\":\"https:\/\/www.boris45.com\/#organization\"},\"potentialAction\":[{\"@type\":\"SearchAction\",\"target\":{\"@type\":\"EntryPoint\",\"urlTemplate\":\"https:\/\/www.boris45.com\/?s={search_term_string}\"},\"query-input\":{\"@type\":\"PropertyValueSpecification\",\"valueRequired\":true,\"valueName\":\"search_term_string\"}}],\"inLanguage\":\"es\"},{\"@type\":\"Organization\",\"@id\":\"https:\/\/www.boris45.com\/#organization\",\"name\":\"Boris 45\",\"url\":\"https:\/\/www.boris45.com\/\",\"logo\":{\"@type\":\"ImageObject\",\"inLanguage\":\"es\",\"@id\":\"https:\/\/www.boris45.com\/#\/schema\/logo\/image\/\",\"url\":\"https:\/\/www.boris45.com\/wp-content\/uploads\/2024\/11\/logo-boris-45-blanc.png\",\"contentUrl\":\"https:\/\/www.boris45.com\/wp-content\/uploads\/2024\/11\/logo-boris-45-blanc.png\",\"width\":845,\"height\":594,\"caption\":\"Boris 45\"},\"image\":{\"@id\":\"https:\/\/www.boris45.com\/#\/schema\/logo\/image\/\"}}]}<\/script>\n<!-- \/ Yoast SEO plugin. -->","yoast_head_json":{"title":"PRESIDENTE - Boris 45","description":"Presentaci\u00f3n Presidente Me complace saludaros en nombre de Boris 45, una empresa dedicada a la restauraci\u00f3n colectiva con cuatro d\u00e9cadas de historia sobre","robots":{"index":"noindex","follow":"follow","max-snippet":"max-snippet:-1","max-image-preview":"max-image-preview:large","max-video-preview":"max-video-preview:-1"},"og_locale":"es_ES","og_type":"article","og_title":"PRESIDENTE - Boris 45","og_description":"Presentaci\u00f3n Presidente Me complace saludaros en nombre de Boris 45, una empresa dedicada a la restauraci\u00f3n colectiva con cuatro d\u00e9cadas de historia sobre","og_url":"https:\/\/www.boris45.com\/president\/","og_site_name":"Boris 45","article_modified_time":"2025-01-21T11:55:17+00:00","og_image":[{"width":310,"height":151,"url":"https:\/\/www.boris45.com\/wp-content\/uploads\/2024\/11\/logo-boris-45-color.png","type":"image\/png"}],"twitter_card":"summary_large_image","twitter_misc":{"Tiempo de lectura":"2 minutos"},"schema":{"@context":"https:\/\/schema.org","@graph":[{"@type":"WebPage","@id":"https:\/\/www.boris45.com\/president\/","url":"https:\/\/www.boris45.com\/president\/","name":"PRESIDENTE - Boris 45","isPartOf":{"@id":"https:\/\/www.boris45.com\/#website"},"datePublished":"2024-11-12T10:57:43+00:00","dateModified":"2025-01-21T11:55:17+00:00","description":"Presentaci\u00f3n Presidente Me complace saludaros en nombre de Boris 45, una empresa dedicada a la restauraci\u00f3n colectiva con cuatro d\u00e9cadas de historia sobre","breadcrumb":{"@id":"https:\/\/www.boris45.com\/president\/#breadcrumb"},"inLanguage":"es","potentialAction":[{"@type":"ReadAction","target":["https:\/\/www.boris45.com\/president\/"]}]},{"@type":"BreadcrumbList","@id":"https:\/\/www.boris45.com\/president\/#breadcrumb","itemListElement":[{"@type":"ListItem","position":1,"name":"Portada","item":"https:\/\/www.boris45.com\/es\/inicio\/"},{"@type":"ListItem","position":2,"name":"PRESIDENTE"}]},{"@type":"WebSite","@id":"https:\/\/www.boris45.com\/#website","url":"https:\/\/www.boris45.com\/","name":"Boris 45","description":"Serveis de Restauraci\u00f3 per a Col\u00b7lectivitats","publisher":{"@id":"https:\/\/www.boris45.com\/#organization"},"potentialAction":[{"@type":"SearchAction","target":{"@type":"EntryPoint","urlTemplate":"https:\/\/www.boris45.com\/?s={search_term_string}"},"query-input":{"@type":"PropertyValueSpecification","valueRequired":true,"valueName":"search_term_string"}}],"inLanguage":"es"},{"@type":"Organization","@id":"https:\/\/www.boris45.com\/#organization","name":"Boris 45","url":"https:\/\/www.boris45.com\/","logo":{"@type":"ImageObject","inLanguage":"es","@id":"https:\/\/www.boris45.com\/#\/schema\/logo\/image\/","url":"https:\/\/www.boris45.com\/wp-content\/uploads\/2024\/11\/logo-boris-45-blanc.png","contentUrl":"https:\/\/www.boris45.com\/wp-content\/uploads\/2024\/11\/logo-boris-45-blanc.png","width":845,"height":594,"caption":"Boris 45"},"image":{"@id":"https:\/\/www.boris45.com\/#\/schema\/logo\/image\/"}}]}},"_links":{"self":[{"href":"https:\/\/www.boris45.com\/es\/wp-json\/wp\/v2\/pages\/1759","targetHints":{"allow":["GET"]}}],"collection":[{"href":"https:\/\/www.boris45.com\/es\/wp-json\/wp\/v2\/pages"}],"about":[{"href":"https:\/\/www.boris45.com\/es\/wp-json\/wp\/v2\/types\/page"}],"author":[{"embeddable":true,"href":"https:\/\/www.boris45.com\/es\/wp-json\/wp\/v2\/users\/1"}],"replies":[{"embeddable":true,"href":"https:\/\/www.boris45.com\/es\/wp-json\/wp\/v2\/comments?post=1759"}],"version-history":[{"count":2,"href":"https:\/\/www.boris45.com\/es\/wp-json\/wp\/v2\/pages\/1759\/revisions"}],"predecessor-version":[{"id":2007,"href":"https:\/\/www.boris45.com\/es\/wp-json\/wp\/v2\/pages\/1759\/revisions\/2007"}],"wp:attachment":[{"href":"https:\/\/www.boris45.com\/es\/wp-json\/wp\/v2\/media?parent=1759"}],"curies":[{"name":"wp","href":"https:\/\/api.w.org\/{rel}","templated":true}]}}