{"id":1763,"date":"2024-11-06T08:33:49","date_gmt":"2024-11-06T07:33:49","guid":{"rendered":"https:\/\/www2.boris45.com\/servicios\/"},"modified":"2025-01-21T12:38:44","modified_gmt":"2025-01-21T11:38:44","slug":"servicios","status":"publish","type":"page","link":"https:\/\/www.boris45.com\/es\/servicios\/","title":{"rendered":"SERVICIOS"},"content":{"rendered":"\t\t<div data-elementor-type=\"wp-page\" data-elementor-id=\"1763\" class=\"elementor elementor-1763 elementor-23\" data-elementor-post-type=\"page\">\n\t\t\t\t<div class=\"elementor-element elementor-element-1c56912 e-flex e-con-boxed e-con e-parent\" data-id=\"1c56912\" data-element_type=\"container\" data-e-type=\"container\" data-settings=\"{&quot;background_background&quot;:&quot;classic&quot;}\">\n\t\t\t\t\t<div class=\"e-con-inner\">\n\t\t\t\t<div class=\"elementor-element elementor-element-61f4cae3 elementor-widget elementor-widget-heading\" data-id=\"61f4cae3\" data-element_type=\"widget\" data-e-type=\"widget\" data-widget_type=\"heading.default\">\n\t\t\t\t<div class=\"elementor-widget-container\">\n\t\t\t\t\t<h1 class=\"elementor-heading-title elementor-size-default\">Nuestros servicios a vuestra disposici\u00f3n<\/h1>\t\t\t\t<\/div>\n\t\t\t\t<\/div>\n\t\t\t\t\t<\/div>\n\t\t\t\t<\/div>\n\t\t<div class=\"elementor-element elementor-element-fe4907f e-con-full e-flex e-con e-parent\" data-id=\"fe4907f\" data-element_type=\"container\" data-e-type=\"container\">\n\t\t<div class=\"elementor-element elementor-element-544010a7 e-con-full e-flex e-con e-child\" data-id=\"544010a7\" data-element_type=\"container\" data-e-type=\"container\" data-settings=\"{&quot;background_background&quot;:&quot;classic&quot;,&quot;background_motion_fx_motion_fx_scrolling&quot;:&quot;yes&quot;,&quot;background_motion_fx_translateY_effect&quot;:&quot;yes&quot;,&quot;background_motion_fx_translateY_speed&quot;:{&quot;unit&quot;:&quot;px&quot;,&quot;size&quot;:4,&quot;sizes&quot;:[]},&quot;background_motion_fx_translateY_affectedRange&quot;:{&quot;unit&quot;:&quot;%&quot;,&quot;size&quot;:&quot;&quot;,&quot;sizes&quot;:{&quot;start&quot;:0,&quot;end&quot;:100}},&quot;background_motion_fx_devices&quot;:[&quot;desktop&quot;,&quot;tablet_extra&quot;,&quot;tablet&quot;,&quot;mobile&quot;]}\">\n\t\t\t\t<\/div>\n\t\t<div class=\"elementor-element elementor-element-3ccb1c5a e-con-full e-flex e-con e-child\" data-id=\"3ccb1c5a\" data-element_type=\"container\" data-e-type=\"container\">\n\t\t\t\t<div class=\"elementor-element elementor-element-36ebb1a9 elementor-widget elementor-widget-heading\" data-id=\"36ebb1a9\" data-element_type=\"widget\" data-e-type=\"widget\" data-widget_type=\"heading.default\">\n\t\t\t\t<div class=\"elementor-widget-container\">\n\t\t\t\t\t<h2 class=\"elementor-heading-title elementor-size-default\">Nuestros servicios<\/h2>\t\t\t\t<\/div>\n\t\t\t\t<\/div>\n\t\t\t\t<div class=\"elementor-element elementor-element-26588597 elementor-widget elementor-widget-text-editor\" data-id=\"26588597\" data-element_type=\"widget\" data-e-type=\"widget\" data-widget_type=\"text-editor.default\">\n\t\t\t\t<div class=\"elementor-widget-container\">\n\t\t\t\t\t\t\t\t\t<p>Ponemos todos nuestros servicios a disposici\u00f3n de nuestros clientes, y en funci\u00f3n de las caracter\u00edsticas y las necesidades que tengan, nos adaptamos para ofrecer la mejor soluci\u00f3n. Siempre con el objetivo de ofrecer servicios adecuados y profesionales, donde nuestros clientes se sientan como en casa. <\/p>\n<p>Adem\u00e1s, nuestro equipo de Dietistas y Nutricionistas elaboran los men\u00fas adaptados a las necesidades de los usuarios, siempre bajo las premisas de ofrecer men\u00fas saludables, variados, equilibrados y con productos de temporada y proximidad. <br \/>Teniendo en cuenta en todo momento una buena presentaci\u00f3n y la correcta adaptaci\u00f3n en funci\u00f3n de las necesidades (por eso ofrecemos dietas terap\u00e9uticas, texturizados, dietas de f\u00e1cil masticaci\u00f3n, etc.).<\/p>\n\t\t\t\t\t\t\t\t<\/div>\n\t\t\t\t<\/div>\n\t\t\t\t<div class=\"elementor-element elementor-element-3a36d7d0 elementor-align-left elementor-widget elementor-widget-button\" data-id=\"3a36d7d0\" data-element_type=\"widget\" data-e-type=\"widget\" data-widget_type=\"button.default\">\n\t\t\t\t<div class=\"elementor-widget-container\">\n\t\t\t\t\t\t\t\t\t<div class=\"elementor-button-wrapper\">\n\t\t\t\t\t<a class=\"elementor-button elementor-button-link elementor-size-sm\" href=\"https:\/\/www.boris45.com\/es\/contacto\/\">\n\t\t\t\t\t\t<span class=\"elementor-button-content-wrapper\">\n\t\t\t\t\t\t\t\t\t<span class=\"elementor-button-text\">Ponte en contacto con nosotros<\/span>\n\t\t\t\t\t<\/span>\n\t\t\t\t\t<\/a>\n\t\t\t\t<\/div>\n\t\t\t\t\t\t\t\t<\/div>\n\t\t\t\t<\/div>\n\t\t\t\t<\/div>\n\t\t\t\t<\/div>\n\t\t<div class=\"elementor-element elementor-element-ef23a60 e-grid e-con-full e-con e-parent\" data-id=\"ef23a60\" data-element_type=\"container\" data-e-type=\"container\" data-settings=\"{&quot;background_background&quot;:&quot;classic&quot;}\">\n\t\t\t\t<div class=\"elementor-element elementor-element-0e5d508 elementor-position-top elementor-widget elementor-widget-image-box\" data-id=\"0e5d508\" data-element_type=\"widget\" data-e-type=\"widget\" data-widget_type=\"image-box.default\">\n\t\t\t\t<div class=\"elementor-widget-container\">\n\t\t\t\t\t<div class=\"elementor-image-box-wrapper\"><figure class=\"elementor-image-box-img\"><img fetchpriority=\"high\" decoding=\"async\" width=\"1250\" height=\"1250\" src=\"https:\/\/www.boris45.com\/wp-content\/uploads\/2024\/11\/professionals.png\" class=\"attachment-full size-full wp-image-107\" alt=\"\" srcset=\"https:\/\/www.boris45.com\/wp-content\/uploads\/2024\/11\/professionals.png 1250w, https:\/\/www.boris45.com\/wp-content\/uploads\/2024\/11\/professionals-300x300.png 300w, https:\/\/www.boris45.com\/wp-content\/uploads\/2024\/11\/professionals-1024x1024.png 1024w, https:\/\/www.boris45.com\/wp-content\/uploads\/2024\/11\/professionals-150x150.png 150w, https:\/\/www.boris45.com\/wp-content\/uploads\/2024\/11\/professionals-768x768.png 768w\" sizes=\"(max-width: 1250px) 100vw, 1250px\" \/><\/figure><div class=\"elementor-image-box-content\"><h3 class=\"elementor-image-box-title\">Cocina in situ<\/h3><p class=\"elementor-image-box-description\">Realizamos la gesti\u00f3n integral de los servicios de restauraci\u00f3n en las cocinas de nuestros clientes, desde la compra de la materia prima hasta lo cocinado en el propio centro y la gesti\u00f3n del personal.<\/p><\/div><\/div>\t\t\t\t<\/div>\n\t\t\t\t<\/div>\n\t\t\t\t<div class=\"elementor-element elementor-element-5c7bf628 elementor-position-top elementor-widget elementor-widget-image-box\" data-id=\"5c7bf628\" data-element_type=\"widget\" data-e-type=\"widget\" data-widget_type=\"image-box.default\">\n\t\t\t\t<div class=\"elementor-widget-container\">\n\t\t\t\t\t<div class=\"elementor-image-box-wrapper\"><figure class=\"elementor-image-box-img\"><img decoding=\"async\" width=\"1250\" height=\"1250\" src=\"https:\/\/www.boris45.com\/wp-content\/uploads\/2024\/11\/mesa.png\" class=\"attachment-full size-full wp-image-457\" alt=\"\" srcset=\"https:\/\/www.boris45.com\/wp-content\/uploads\/2024\/11\/mesa.png 1250w, https:\/\/www.boris45.com\/wp-content\/uploads\/2024\/11\/mesa-300x300.png 300w, https:\/\/www.boris45.com\/wp-content\/uploads\/2024\/11\/mesa-1024x1024.png 1024w, https:\/\/www.boris45.com\/wp-content\/uploads\/2024\/11\/mesa-150x150.png 150w, https:\/\/www.boris45.com\/wp-content\/uploads\/2024\/11\/mesa-768x768.png 768w\" sizes=\"(max-width: 1250px) 100vw, 1250px\" \/><\/figure><div class=\"elementor-image-box-content\"><h3 class=\"elementor-image-box-title\">Transportado<\/h3><p class=\"elementor-image-box-description\">La tecnolog\u00eda nos permite envasar, pasteurizar y esterilizar para elaborar los platos tradicionales cocinados con ingredientes frescos y con las condiciones \u00f3ptimas para poder trasladarlos y terminar de prepararlos en el lugar donde se tengan que servir, manteniendo sus calidades organol\u00e9pticas.<\/p><\/div><\/div>\t\t\t\t<\/div>\n\t\t\t\t<\/div>\n\t\t\t\t<div class=\"elementor-element elementor-element-170b29c elementor-position-top elementor-widget elementor-widget-image-box\" data-id=\"170b29c\" data-element_type=\"widget\" data-e-type=\"widget\" data-widget_type=\"image-box.default\">\n\t\t\t\t<div class=\"elementor-widget-container\">\n\t\t\t\t\t<div class=\"elementor-image-box-wrapper\"><figure class=\"elementor-image-box-img\"><img decoding=\"async\" width=\"1250\" height=\"1250\" src=\"https:\/\/www.boris45.com\/wp-content\/uploads\/2024\/11\/catering.png\" class=\"attachment-full size-full wp-image-459\" alt=\"\" srcset=\"https:\/\/www.boris45.com\/wp-content\/uploads\/2024\/11\/catering.png 1250w, https:\/\/www.boris45.com\/wp-content\/uploads\/2024\/11\/catering-300x300.png 300w, https:\/\/www.boris45.com\/wp-content\/uploads\/2024\/11\/catering-1024x1024.png 1024w, https:\/\/www.boris45.com\/wp-content\/uploads\/2024\/11\/catering-150x150.png 150w, https:\/\/www.boris45.com\/wp-content\/uploads\/2024\/11\/catering-768x768.png 768w\" sizes=\"(max-width: 1250px) 100vw, 1250px\" \/><\/figure><div class=\"elementor-image-box-content\"><h3 class=\"elementor-image-box-title\">Catering para eventos<\/h3><p class=\"elementor-image-box-description\">Ofrecemos un servicio personalizado de catering para eventos, jornadas, festividades o acontecimientos especiales. <\/p><\/div><\/div>\t\t\t\t<\/div>\n\t\t\t\t<\/div>\n\t\t\t\t<div class=\"elementor-element elementor-element-4d9da70 elementor-position-top elementor-widget elementor-widget-image-box\" data-id=\"4d9da70\" data-element_type=\"widget\" data-e-type=\"widget\" data-widget_type=\"image-box.default\">\n\t\t\t\t<div class=\"elementor-widget-container\">\n\t\t\t\t\t<div class=\"elementor-image-box-wrapper\"><figure class=\"elementor-image-box-img\"><img loading=\"lazy\" decoding=\"async\" width=\"1250\" height=\"1250\" src=\"https:\/\/www.boris45.com\/wp-content\/uploads\/2024\/11\/asesoramiento.png\" class=\"attachment-full size-full wp-image-455\" alt=\"\" srcset=\"https:\/\/www.boris45.com\/wp-content\/uploads\/2024\/11\/asesoramiento.png 1250w, https:\/\/www.boris45.com\/wp-content\/uploads\/2024\/11\/asesoramiento-300x300.png 300w, https:\/\/www.boris45.com\/wp-content\/uploads\/2024\/11\/asesoramiento-1024x1024.png 1024w, https:\/\/www.boris45.com\/wp-content\/uploads\/2024\/11\/asesoramiento-150x150.png 150w, https:\/\/www.boris45.com\/wp-content\/uploads\/2024\/11\/asesoramiento-768x768.png 768w\" sizes=\"(max-width: 1250px) 100vw, 1250px\" \/><\/figure><div class=\"elementor-image-box-content\"><h3 class=\"elementor-image-box-title\">Asesoramiento<\/h3><p class=\"elementor-image-box-description\">Dada nuestra experiencia de m\u00e1s de 40 a\u00f1os en el sector junto con el equipo de profesionales que forman nuestra plantilla, podemos asesorar e implementar aquello que el cliente necesite para mejorar su oferta de servicio, su cafeter\u00eda, comedor laboral o cocina. <\/p><\/div><\/div>\t\t\t\t<\/div>\n\t\t\t\t<\/div>\n\t\t\t\t<div class=\"elementor-element elementor-element-7fed7d1d elementor-position-top elementor-widget elementor-widget-image-box\" data-id=\"7fed7d1d\" data-element_type=\"widget\" data-e-type=\"widget\" data-widget_type=\"image-box.default\">\n\t\t\t\t<div class=\"elementor-widget-container\">\n\t\t\t\t\t<div class=\"elementor-image-box-wrapper\"><figure class=\"elementor-image-box-img\"><img loading=\"lazy\" decoding=\"async\" width=\"1250\" height=\"1250\" src=\"https:\/\/www.boris45.com\/wp-content\/uploads\/2024\/11\/vending.png\" class=\"attachment-full size-full wp-image-458\" alt=\"\" srcset=\"https:\/\/www.boris45.com\/wp-content\/uploads\/2024\/11\/vending.png 1250w, https:\/\/www.boris45.com\/wp-content\/uploads\/2024\/11\/vending-300x300.png 300w, https:\/\/www.boris45.com\/wp-content\/uploads\/2024\/11\/vending-1024x1024.png 1024w, https:\/\/www.boris45.com\/wp-content\/uploads\/2024\/11\/vending-150x150.png 150w, https:\/\/www.boris45.com\/wp-content\/uploads\/2024\/11\/vending-768x768.png 768w\" sizes=\"(max-width: 1250px) 100vw, 1250px\" \/><\/figure><div class=\"elementor-image-box-content\"><h3 class=\"elementor-image-box-title\">Vending<\/h3><p class=\"elementor-image-box-description\">Asesoramos e informamos sobre la mejor opci\u00f3n a la hora de instalar m\u00e1quinas vending y en funci\u00f3n de las necesidades del centro y los usuarios.\nNos encargamos de hacer la instalaci\u00f3n, reposici\u00f3n y mantenimiento de las m\u00e1quinas del centro. <\/p><\/div><\/div>\t\t\t\t<\/div>\n\t\t\t\t<\/div>\n\t\t\t\t<\/div>\n\t\t\t\t<\/div>\n\t\t","protected":false},"excerpt":{"rendered":"<p>Nuestros servicios a vuestra disposici\u00f3n Nuestros servicios Ponemos todos nuestros servicios a disposici\u00f3n de nuestros clientes, y en funci\u00f3n de las caracter\u00edsticas y las necesidades que tengan, nos adaptamos para ofrecer la mejor soluci\u00f3n. Siempre con el objetivo de ofrecer servicios adecuados y profesionales, donde nuestros clientes se sientan como en casa. Adem\u00e1s, nuestro equipo [&hellip;]<\/p>\n","protected":false},"author":1,"featured_media":0,"parent":0,"menu_order":0,"comment_status":"closed","ping_status":"closed","template":"elementor_header_footer","meta":{"footnotes":""},"class_list":["post-1763","page","type-page","status-publish","hentry"],"yoast_head":"<!-- This site is optimized with the Yoast SEO plugin v27.1.1 - https:\/\/yoast.com\/product\/yoast-seo-wordpress\/ -->\n<title>SERVICIOS - Boris 45<\/title>\n<meta name=\"description\" content=\"Nuestros servicios a vuestra disposici\u00f3n Nuestros servicios Ponemos todos nuestros servicios a disposici\u00f3n de nuestros clientes, y en funci\u00f3n de las\" \/>\n<meta name=\"robots\" content=\"noindex, follow, max-snippet:-1, max-image-preview:large, max-video-preview:-1\" \/>\n<meta property=\"og:locale\" content=\"es_ES\" \/>\n<meta property=\"og:type\" content=\"article\" \/>\n<meta property=\"og:title\" content=\"SERVICIOS - Boris 45\" \/>\n<meta property=\"og:description\" content=\"Nuestros servicios a vuestra disposici\u00f3n Nuestros servicios Ponemos todos nuestros servicios a disposici\u00f3n de nuestros clientes, y en funci\u00f3n de las\" \/>\n<meta property=\"og:url\" content=\"https:\/\/www.boris45.com\/es\/servicios\/\" \/>\n<meta property=\"og:site_name\" content=\"Boris 45\" \/>\n<meta property=\"article:modified_time\" content=\"2025-01-21T11:38:44+00:00\" \/>\n<meta property=\"og:image\" content=\"https:\/\/www.boris45.com\/wp-content\/uploads\/2024\/11\/professionals.png\" \/>\n<meta name=\"twitter:card\" content=\"summary_large_image\" \/>\n<meta name=\"twitter:label1\" content=\"Tiempo de lectura\" \/>\n\t<meta name=\"twitter:data1\" content=\"2 minutos\" \/>\n<script type=\"application\/ld+json\" class=\"yoast-schema-graph\">{\"@context\":\"https:\/\/schema.org\",\"@graph\":[{\"@type\":\"WebPage\",\"@id\":\"https:\/\/www.boris45.com\/es\/servicios\/\",\"url\":\"https:\/\/www.boris45.com\/es\/servicios\/\",\"name\":\"SERVICIOS - Boris 45\",\"isPartOf\":{\"@id\":\"https:\/\/www.boris45.com\/#website\"},\"primaryImageOfPage\":{\"@id\":\"https:\/\/www.boris45.com\/es\/servicios\/#primaryimage\"},\"image\":{\"@id\":\"https:\/\/www.boris45.com\/es\/servicios\/#primaryimage\"},\"thumbnailUrl\":\"https:\/\/www.boris45.com\/wp-content\/uploads\/2024\/11\/professionals.png\",\"datePublished\":\"2024-11-06T07:33:49+00:00\",\"dateModified\":\"2025-01-21T11:38:44+00:00\",\"description\":\"Nuestros servicios a vuestra disposici\u00f3n Nuestros servicios Ponemos todos nuestros servicios a disposici\u00f3n de nuestros clientes, y en funci\u00f3n de las\",\"breadcrumb\":{\"@id\":\"https:\/\/www.boris45.com\/es\/servicios\/#breadcrumb\"},\"inLanguage\":\"es\",\"potentialAction\":[{\"@type\":\"ReadAction\",\"target\":[\"https:\/\/www.boris45.com\/es\/servicios\/\"]}]},{\"@type\":\"ImageObject\",\"inLanguage\":\"es\",\"@id\":\"https:\/\/www.boris45.com\/es\/servicios\/#primaryimage\",\"url\":\"https:\/\/www.boris45.com\/wp-content\/uploads\/2024\/11\/professionals.png\",\"contentUrl\":\"https:\/\/www.boris45.com\/wp-content\/uploads\/2024\/11\/professionals.png\"},{\"@type\":\"BreadcrumbList\",\"@id\":\"https:\/\/www.boris45.com\/es\/servicios\/#breadcrumb\",\"itemListElement\":[{\"@type\":\"ListItem\",\"position\":1,\"name\":\"Portada\",\"item\":\"https:\/\/www.boris45.com\/es\/inicio\/\"},{\"@type\":\"ListItem\",\"position\":2,\"name\":\"SERVICIOS\"}]},{\"@type\":\"WebSite\",\"@id\":\"https:\/\/www.boris45.com\/#website\",\"url\":\"https:\/\/www.boris45.com\/\",\"name\":\"Boris 45\",\"description\":\"Serveis de Restauraci\u00f3 per a Col\u00b7lectivitats\",\"publisher\":{\"@id\":\"https:\/\/www.boris45.com\/#organization\"},\"potentialAction\":[{\"@type\":\"SearchAction\",\"target\":{\"@type\":\"EntryPoint\",\"urlTemplate\":\"https:\/\/www.boris45.com\/?s={search_term_string}\"},\"query-input\":{\"@type\":\"PropertyValueSpecification\",\"valueRequired\":true,\"valueName\":\"search_term_string\"}}],\"inLanguage\":\"es\"},{\"@type\":\"Organization\",\"@id\":\"https:\/\/www.boris45.com\/#organization\",\"name\":\"Boris 45\",\"url\":\"https:\/\/www.boris45.com\/\",\"logo\":{\"@type\":\"ImageObject\",\"inLanguage\":\"es\",\"@id\":\"https:\/\/www.boris45.com\/#\/schema\/logo\/image\/\",\"url\":\"https:\/\/www.boris45.com\/wp-content\/uploads\/2024\/11\/logo-boris-45-blanc.png\",\"contentUrl\":\"https:\/\/www.boris45.com\/wp-content\/uploads\/2024\/11\/logo-boris-45-blanc.png\",\"width\":845,\"height\":594,\"caption\":\"Boris 45\"},\"image\":{\"@id\":\"https:\/\/www.boris45.com\/#\/schema\/logo\/image\/\"}}]}<\/script>\n<!-- \/ Yoast SEO plugin. -->","yoast_head_json":{"title":"SERVICIOS - Boris 45","description":"Nuestros servicios a vuestra disposici\u00f3n Nuestros servicios Ponemos todos nuestros servicios a disposici\u00f3n de nuestros clientes, y en funci\u00f3n de las","robots":{"index":"noindex","follow":"follow","max-snippet":"max-snippet:-1","max-image-preview":"max-image-preview:large","max-video-preview":"max-video-preview:-1"},"og_locale":"es_ES","og_type":"article","og_title":"SERVICIOS - Boris 45","og_description":"Nuestros servicios a vuestra disposici\u00f3n Nuestros servicios Ponemos todos nuestros servicios a disposici\u00f3n de nuestros clientes, y en funci\u00f3n de las","og_url":"https:\/\/www.boris45.com\/es\/servicios\/","og_site_name":"Boris 45","article_modified_time":"2025-01-21T11:38:44+00:00","og_image":[{"url":"https:\/\/www.boris45.com\/wp-content\/uploads\/2024\/11\/professionals.png","type":"","width":"","height":""}],"twitter_card":"summary_large_image","twitter_misc":{"Tiempo de lectura":"2 minutos"},"schema":{"@context":"https:\/\/schema.org","@graph":[{"@type":"WebPage","@id":"https:\/\/www.boris45.com\/es\/servicios\/","url":"https:\/\/www.boris45.com\/es\/servicios\/","name":"SERVICIOS - Boris 45","isPartOf":{"@id":"https:\/\/www.boris45.com\/#website"},"primaryImageOfPage":{"@id":"https:\/\/www.boris45.com\/es\/servicios\/#primaryimage"},"image":{"@id":"https:\/\/www.boris45.com\/es\/servicios\/#primaryimage"},"thumbnailUrl":"https:\/\/www.boris45.com\/wp-content\/uploads\/2024\/11\/professionals.png","datePublished":"2024-11-06T07:33:49+00:00","dateModified":"2025-01-21T11:38:44+00:00","description":"Nuestros servicios a vuestra disposici\u00f3n Nuestros servicios Ponemos todos nuestros servicios a disposici\u00f3n de nuestros clientes, y en funci\u00f3n de las","breadcrumb":{"@id":"https:\/\/www.boris45.com\/es\/servicios\/#breadcrumb"},"inLanguage":"es","potentialAction":[{"@type":"ReadAction","target":["https:\/\/www.boris45.com\/es\/servicios\/"]}]},{"@type":"ImageObject","inLanguage":"es","@id":"https:\/\/www.boris45.com\/es\/servicios\/#primaryimage","url":"https:\/\/www.boris45.com\/wp-content\/uploads\/2024\/11\/professionals.png","contentUrl":"https:\/\/www.boris45.com\/wp-content\/uploads\/2024\/11\/professionals.png"},{"@type":"BreadcrumbList","@id":"https:\/\/www.boris45.com\/es\/servicios\/#breadcrumb","itemListElement":[{"@type":"ListItem","position":1,"name":"Portada","item":"https:\/\/www.boris45.com\/es\/inicio\/"},{"@type":"ListItem","position":2,"name":"SERVICIOS"}]},{"@type":"WebSite","@id":"https:\/\/www.boris45.com\/#website","url":"https:\/\/www.boris45.com\/","name":"Boris 45","description":"Serveis de Restauraci\u00f3 per a Col\u00b7lectivitats","publisher":{"@id":"https:\/\/www.boris45.com\/#organization"},"potentialAction":[{"@type":"SearchAction","target":{"@type":"EntryPoint","urlTemplate":"https:\/\/www.boris45.com\/?s={search_term_string}"},"query-input":{"@type":"PropertyValueSpecification","valueRequired":true,"valueName":"search_term_string"}}],"inLanguage":"es"},{"@type":"Organization","@id":"https:\/\/www.boris45.com\/#organization","name":"Boris 45","url":"https:\/\/www.boris45.com\/","logo":{"@type":"ImageObject","inLanguage":"es","@id":"https:\/\/www.boris45.com\/#\/schema\/logo\/image\/","url":"https:\/\/www.boris45.com\/wp-content\/uploads\/2024\/11\/logo-boris-45-blanc.png","contentUrl":"https:\/\/www.boris45.com\/wp-content\/uploads\/2024\/11\/logo-boris-45-blanc.png","width":845,"height":594,"caption":"Boris 45"},"image":{"@id":"https:\/\/www.boris45.com\/#\/schema\/logo\/image\/"}}]}},"_links":{"self":[{"href":"https:\/\/www.boris45.com\/es\/wp-json\/wp\/v2\/pages\/1763","targetHints":{"allow":["GET"]}}],"collection":[{"href":"https:\/\/www.boris45.com\/es\/wp-json\/wp\/v2\/pages"}],"about":[{"href":"https:\/\/www.boris45.com\/es\/wp-json\/wp\/v2\/types\/page"}],"author":[{"embeddable":true,"href":"https:\/\/www.boris45.com\/es\/wp-json\/wp\/v2\/users\/1"}],"replies":[{"embeddable":true,"href":"https:\/\/www.boris45.com\/es\/wp-json\/wp\/v2\/comments?post=1763"}],"version-history":[{"count":2,"href":"https:\/\/www.boris45.com\/es\/wp-json\/wp\/v2\/pages\/1763\/revisions"}],"predecessor-version":[{"id":1997,"href":"https:\/\/www.boris45.com\/es\/wp-json\/wp\/v2\/pages\/1763\/revisions\/1997"}],"wp:attachment":[{"href":"https:\/\/www.boris45.com\/es\/wp-json\/wp\/v2\/media?parent=1763"}],"curies":[{"name":"wp","href":"https:\/\/api.w.org\/{rel}","templated":true}]}}