{"id":1765,"date":"2024-11-06T08:32:45","date_gmt":"2024-11-06T07:32:45","guid":{"rendered":"https:\/\/www2.boris45.com\/inicio\/"},"modified":"2026-04-13T12:39:47","modified_gmt":"2026-04-13T10:39:47","slug":"inicio","status":"publish","type":"page","link":"https:\/\/www.boris45.com\/es\/","title":{"rendered":"INICIO"},"content":{"rendered":"\t\t<div data-elementor-type=\"wp-page\" data-elementor-id=\"1765\" class=\"elementor elementor-1765 elementor-17\" data-elementor-post-type=\"page\">\n\t\t\t\t<div class=\"elementor-element elementor-element-c05335a e-con-full e-flex e-con e-parent\" data-id=\"c05335a\" data-element_type=\"container\" data-e-type=\"container\" data-settings=\"{&quot;background_background&quot;:&quot;video&quot;,&quot;background_video_link&quot;:&quot;https:\\\/\\\/youtu.be\\\/0jShuJrGVbQ&quot;,&quot;background_play_on_mobile&quot;:&quot;yes&quot;}\">\n\t\t<div class=\"elementor-background-video-container\">\n\t\t\t\t\t\t\t<div class=\"elementor-background-video-embed\" role=\"presentation\"><\/div>\n\t\t\t\t\t\t<\/div>\t\t<div class=\"elementor-element elementor-element-88866cb animated-slow elementor-invisible elementor-widget elementor-widget-heading\" data-id=\"88866cb\" data-element_type=\"widget\" data-e-type=\"widget\" data-settings=\"{&quot;_animation&quot;:&quot;fadeIn&quot;,&quot;_animation_delay&quot;:300,&quot;_animation_tablet&quot;:&quot;fadeIn&quot;}\" data-widget_type=\"heading.default\">\n\t\t\t\t<div class=\"elementor-widget-container\">\n\t\t\t\t\t<h1 class=\"elementor-heading-title elementor-size-default\">Servicios de restauraci\u00f3n para colectividades<\/h1>\t\t\t\t<\/div>\n\t\t\t\t<\/div>\n\t\t\t\t<\/div>\n\t\t<div class=\"elementor-element elementor-element-67c8b62 animated-slow e-con-full e-grid elementor-invisible e-con e-parent\" data-id=\"67c8b62\" data-element_type=\"container\" data-e-type=\"container\" data-settings=\"{&quot;animation&quot;:&quot;fadeInRight&quot;}\">\n\t\t<div class=\"elementor-element elementor-element-15b02a2 e-con-full e-flex e-con e-child\" data-id=\"15b02a2\" data-element_type=\"container\" data-e-type=\"container\">\n\t\t\t\t<div class=\"elementor-element elementor-element-895581f elementor-cta--skin-cover elementor-cta--valign-middle elementor-animated-content elementor-bg-transform elementor-bg-transform-zoom-in elementor-widget elementor-widget-call-to-action\" data-id=\"895581f\" data-element_type=\"widget\" data-e-type=\"widget\" data-widget_type=\"call-to-action.default\">\n\t\t\t\t<div class=\"elementor-widget-container\">\n\t\t\t\t\t\t\t<div class=\"elementor-cta\">\n\t\t\t\t\t<div class=\"elementor-cta__bg-wrapper\">\n\t\t\t\t<div class=\"elementor-cta__bg elementor-bg\" style=\"background-image: url(https:\/\/www.boris45.com\/wp-content\/uploads\/2024\/11\/boris-45-sanidad.jpg);\" role=\"img\" aria-label=\"boris-45-sanidad\"><\/div>\n\t\t\t\t<div class=\"elementor-cta__bg-overlay\"><\/div>\n\t\t\t<\/div>\n\t\t\t\t\t\t\t<div class=\"elementor-cta__content\">\n\t\t\t\t\n\t\t\t\t\t\t\t\t\t<h2 class=\"elementor-cta__title elementor-cta__content-item elementor-content-item elementor-animated-item--grow\">\n\t\t\t\t\t\tSANIDAD\t\t\t\t\t<\/h2>\n\t\t\t\t\n\t\t\t\t\t\t\t\t\t<div class=\"elementor-cta__description elementor-cta__content-item elementor-content-item elementor-animated-item--grow\">\n\t\t\t\t\t\tContamos con el compromiso de ofrecer una dieta saludable, adaptada a las prescripciones m\u00e9dicas con platos atractivos, variados.\t\t\t\t\t<\/div>\n\t\t\t\t\n\t\t\t\t\t\t\t\t\t<div class=\"elementor-cta__button-wrapper elementor-cta__content-item elementor-content-item elementor-animated-item--grow\">\n\t\t\t\t\t<a class=\"elementor-cta__button elementor-button elementor-size-\" href=\"https:\/\/www.boris45.com\/es\/sanidad\/\">\n\t\t\t\t\t\tM\u00e1s informaci\u00f3n\t\t\t\t\t<\/a>\n\t\t\t\t\t<\/div>\n\t\t\t\t\t\t\t<\/div>\n\t\t\t\t\t\t<\/div>\n\t\t\t\t\t\t<\/div>\n\t\t\t\t<\/div>\n\t\t\t\t<\/div>\n\t\t<div class=\"elementor-element elementor-element-31db6c8 e-con-full e-flex e-con e-child\" data-id=\"31db6c8\" data-element_type=\"container\" data-e-type=\"container\">\n\t\t\t\t<div class=\"elementor-element elementor-element-9b92c0d elementor-cta--skin-cover elementor-cta--valign-middle elementor-animated-content elementor-bg-transform elementor-bg-transform-zoom-in elementor-widget elementor-widget-call-to-action\" data-id=\"9b92c0d\" data-element_type=\"widget\" data-e-type=\"widget\" data-widget_type=\"call-to-action.default\">\n\t\t\t\t<div class=\"elementor-widget-container\">\n\t\t\t\t\t\t\t<div class=\"elementor-cta\">\n\t\t\t\t\t<div class=\"elementor-cta__bg-wrapper\">\n\t\t\t\t<div class=\"elementor-cta__bg elementor-bg\" style=\"background-image: url(https:\/\/www.boris45.com\/wp-content\/uploads\/2024\/11\/boris-45-residencies.jpg);\" role=\"img\" aria-label=\"boris-45-residencies\"><\/div>\n\t\t\t\t<div class=\"elementor-cta__bg-overlay\"><\/div>\n\t\t\t<\/div>\n\t\t\t\t\t\t\t<div class=\"elementor-cta__content\">\n\t\t\t\t\n\t\t\t\t\t\t\t\t\t<h2 class=\"elementor-cta__title elementor-cta__content-item elementor-content-item elementor-animated-item--grow\">\n\t\t\t\t\t\tRESIDENCIAS\t\t\t\t\t<\/h2>\n\t\t\t\t\n\t\t\t\t\t\t\t\t\t<div class=\"elementor-cta__description elementor-cta__content-item elementor-content-item elementor-animated-item--grow\">\n\t\t\t\t\t\tOfrecemos un men\u00fa saludable y equilibrado en funci\u00f3n de las prescripciones del centro.\t\t\t\t\t<\/div>\n\t\t\t\t\n\t\t\t\t\t\t\t\t\t<div class=\"elementor-cta__button-wrapper elementor-cta__content-item elementor-content-item elementor-animated-item--grow\">\n\t\t\t\t\t<a class=\"elementor-cta__button elementor-button elementor-size-\" href=\"https:\/\/www.boris45.com\/es\/residencias\/\">\n\t\t\t\t\t\tM\u00e1s informaci\u00f3n\t\t\t\t\t<\/a>\n\t\t\t\t\t<\/div>\n\t\t\t\t\t\t\t<\/div>\n\t\t\t\t\t\t<\/div>\n\t\t\t\t\t\t<\/div>\n\t\t\t\t<\/div>\n\t\t\t\t<\/div>\n\t\t<div class=\"elementor-element elementor-element-7ba358b e-con-full e-flex e-con e-child\" data-id=\"7ba358b\" data-element_type=\"container\" data-e-type=\"container\">\n\t\t\t\t<div class=\"elementor-element elementor-element-629b3a5 elementor-cta--skin-cover elementor-cta--valign-middle elementor-animated-content elementor-bg-transform elementor-bg-transform-zoom-in elementor-widget elementor-widget-call-to-action\" data-id=\"629b3a5\" data-element_type=\"widget\" data-e-type=\"widget\" data-widget_type=\"call-to-action.default\">\n\t\t\t\t<div class=\"elementor-widget-container\">\n\t\t\t\t\t\t\t<div class=\"elementor-cta\">\n\t\t\t\t\t<div class=\"elementor-cta__bg-wrapper\">\n\t\t\t\t<div class=\"elementor-cta__bg elementor-bg\" style=\"background-image: url(https:\/\/www.boris45.com\/wp-content\/uploads\/2024\/11\/boris-45-empreses.jpg);\" role=\"img\" aria-label=\"boris-45-empreses\"><\/div>\n\t\t\t\t<div class=\"elementor-cta__bg-overlay\"><\/div>\n\t\t\t<\/div>\n\t\t\t\t\t\t\t<div class=\"elementor-cta__content\">\n\t\t\t\t\n\t\t\t\t\t\t\t\t\t<h2 class=\"elementor-cta__title elementor-cta__content-item elementor-content-item elementor-animated-item--grow\">\n\t\t\t\t\t\tEMPRESAS\t\t\t\t\t<\/h2>\n\t\t\t\t\n\t\t\t\t\t\t\t\t\t<div class=\"elementor-cta__description elementor-cta__content-item elementor-content-item elementor-animated-item--grow\">\n\t\t\t\t\t\tOfrecemos un servicio de cocina con conceptos innovadores y adaptados a los gustos y preferencias.\t\t\t\t\t<\/div>\n\t\t\t\t\n\t\t\t\t\t\t\t\t\t<div class=\"elementor-cta__button-wrapper elementor-cta__content-item elementor-content-item elementor-animated-item--grow\">\n\t\t\t\t\t<a class=\"elementor-cta__button elementor-button elementor-size-\" href=\"https:\/\/www.boris45.com\/es\/empresas\/\">\n\t\t\t\t\t\tM\u00e1s informaci\u00f3n\t\t\t\t\t<\/a>\n\t\t\t\t\t<\/div>\n\t\t\t\t\t\t\t<\/div>\n\t\t\t\t\t\t<\/div>\n\t\t\t\t\t\t<\/div>\n\t\t\t\t<\/div>\n\t\t\t\t<\/div>\n\t\t<div class=\"elementor-element elementor-element-c35e791 e-con-full e-flex e-con e-child\" data-id=\"c35e791\" data-element_type=\"container\" data-e-type=\"container\">\n\t\t\t\t<div class=\"elementor-element elementor-element-ac747ff elementor-cta--skin-cover elementor-cta--valign-middle elementor-animated-content elementor-bg-transform elementor-bg-transform-zoom-in elementor-widget elementor-widget-call-to-action\" data-id=\"ac747ff\" data-element_type=\"widget\" data-e-type=\"widget\" data-widget_type=\"call-to-action.default\">\n\t\t\t\t<div class=\"elementor-widget-container\">\n\t\t\t\t\t\t\t<div class=\"elementor-cta\">\n\t\t\t\t\t<div class=\"elementor-cta__bg-wrapper\">\n\t\t\t\t<div class=\"elementor-cta__bg elementor-bg\" style=\"background-image: url(https:\/\/www.boris45.com\/wp-content\/uploads\/2024\/11\/boris-45-esportius.jpg);\" role=\"img\" aria-label=\"boris-45-esportius\"><\/div>\n\t\t\t\t<div class=\"elementor-cta__bg-overlay\"><\/div>\n\t\t\t<\/div>\n\t\t\t\t\t\t\t<div class=\"elementor-cta__content\">\n\t\t\t\t\n\t\t\t\t\t\t\t\t\t<h2 class=\"elementor-cta__title elementor-cta__content-item elementor-content-item elementor-animated-item--grow\">\n\t\t\t\t\t\tDEPORTIVOS\t\t\t\t\t<\/h2>\n\t\t\t\t\n\t\t\t\t\t\t\t\t\t<div class=\"elementor-cta__description elementor-cta__content-item elementor-content-item elementor-animated-item--grow\">\n\t\t\t\t\t\tAdaptamos y dise\u00f1amos los men\u00fas para que los deportistas puedan complementar sus entrenamientos.\t\t\t\t\t<\/div>\n\t\t\t\t\n\t\t\t\t\t\t\t\t\t<div class=\"elementor-cta__button-wrapper elementor-cta__content-item elementor-content-item elementor-animated-item--grow\">\n\t\t\t\t\t<a class=\"elementor-cta__button elementor-button elementor-size-\" href=\"https:\/\/www.boris45.com\/es\/deportivos\/\">\n\t\t\t\t\t\tM\u00e1s informaci\u00f3n\t\t\t\t\t<\/a>\n\t\t\t\t\t<\/div>\n\t\t\t\t\t\t\t<\/div>\n\t\t\t\t\t\t<\/div>\n\t\t\t\t\t\t<\/div>\n\t\t\t\t<\/div>\n\t\t\t\t<\/div>\n\t\t<div class=\"elementor-element elementor-element-9e61f1c e-con-full e-flex e-con e-child\" data-id=\"9e61f1c\" data-element_type=\"container\" data-e-type=\"container\">\n\t\t\t\t<div class=\"elementor-element elementor-element-8abe8ba elementor-cta--skin-cover elementor-cta--valign-middle elementor-animated-content elementor-bg-transform elementor-bg-transform-zoom-in elementor-widget elementor-widget-call-to-action\" data-id=\"8abe8ba\" data-element_type=\"widget\" data-e-type=\"widget\" data-widget_type=\"call-to-action.default\">\n\t\t\t\t<div class=\"elementor-widget-container\">\n\t\t\t\t\t\t\t<div class=\"elementor-cta\">\n\t\t\t\t\t<div class=\"elementor-cta__bg-wrapper\">\n\t\t\t\t<div class=\"elementor-cta__bg elementor-bg\" style=\"background-image: url(https:\/\/www.boris45.com\/wp-content\/uploads\/2024\/11\/boris-45-educacio.jpg);\" role=\"img\" aria-label=\"boris-45-educacio\"><\/div>\n\t\t\t\t<div class=\"elementor-cta__bg-overlay\"><\/div>\n\t\t\t<\/div>\n\t\t\t\t\t\t\t<div class=\"elementor-cta__content\">\n\t\t\t\t\n\t\t\t\t\t\t\t\t\t<h2 class=\"elementor-cta__title elementor-cta__content-item elementor-content-item elementor-animated-item--grow\">\n\t\t\t\t\t\tEDUCACI\u00d3N\t\t\t\t\t<\/h2>\n\t\t\t\t\n\t\t\t\t\t\t\t\t\t<div class=\"elementor-cta__description elementor-cta__content-item elementor-content-item elementor-animated-item--grow\">\n\t\t\t\t\t\tElaboramos men\u00fas variados, adaptados, equilibrados y agradables para que satisfagan sus necesidades.\t\t\t\t\t<\/div>\n\t\t\t\t\n\t\t\t\t\t\t\t\t\t<div class=\"elementor-cta__button-wrapper elementor-cta__content-item elementor-content-item elementor-animated-item--grow\">\n\t\t\t\t\t<a class=\"elementor-cta__button elementor-button elementor-size-\" href=\"https:\/\/www.boris45.com\/es\/educacion\/\">\n\t\t\t\t\t\tM\u00e1s informaci\u00f3n\t\t\t\t\t<\/a>\n\t\t\t\t\t<\/div>\n\t\t\t\t\t\t\t<\/div>\n\t\t\t\t\t\t<\/div>\n\t\t\t\t\t\t<\/div>\n\t\t\t\t<\/div>\n\t\t\t\t<\/div>\n\t\t\t\t<\/div>\n\t\t<div class=\"elementor-element elementor-element-42a8a4c e-flex e-con-boxed e-con e-parent\" data-id=\"42a8a4c\" data-element_type=\"container\" data-e-type=\"container\" data-settings=\"{&quot;background_background&quot;:&quot;classic&quot;,&quot;background_motion_fx_motion_fx_scrolling&quot;:&quot;yes&quot;,&quot;background_motion_fx_translateY_effect&quot;:&quot;yes&quot;,&quot;background_motion_fx_translateY_speed&quot;:{&quot;unit&quot;:&quot;px&quot;,&quot;size&quot;:4,&quot;sizes&quot;:[]},&quot;background_motion_fx_translateY_affectedRange&quot;:{&quot;unit&quot;:&quot;%&quot;,&quot;size&quot;:&quot;&quot;,&quot;sizes&quot;:{&quot;start&quot;:0,&quot;end&quot;:100}},&quot;background_motion_fx_devices&quot;:[&quot;desktop&quot;,&quot;tablet_extra&quot;,&quot;tablet&quot;,&quot;mobile&quot;]}\">\n\t\t\t\t\t<div class=\"e-con-inner\">\n\t\t\t\t<div class=\"elementor-element elementor-element-414b31c animated-slow elementor-invisible elementor-widget elementor-widget-heading\" data-id=\"414b31c\" data-element_type=\"widget\" data-e-type=\"widget\" data-settings=\"{&quot;_animation&quot;:&quot;fadeIn&quot;,&quot;_animation_delay&quot;:300,&quot;_animation_tablet&quot;:&quot;fadeIn&quot;}\" data-widget_type=\"heading.default\">\n\t\t\t\t<div class=\"elementor-widget-container\">\n\t\t\t\t\t<h3 class=\"elementor-heading-title elementor-size-default\">Nuestros servicios a vuestra disposici\u00f3n<\/h3>\t\t\t\t<\/div>\n\t\t\t\t<\/div>\n\t\t\t\t<div class=\"elementor-element elementor-element-c50a7d5 elementor-align-center elementor-widget elementor-widget-button\" data-id=\"c50a7d5\" data-element_type=\"widget\" data-e-type=\"widget\" data-widget_type=\"button.default\">\n\t\t\t\t<div class=\"elementor-widget-container\">\n\t\t\t\t\t\t\t\t\t<div class=\"elementor-button-wrapper\">\n\t\t\t\t\t<a class=\"elementor-button elementor-button-link elementor-size-sm\" href=\"https:\/\/www.boris45.com\/es\/servicios\/\">\n\t\t\t\t\t\t<span class=\"elementor-button-content-wrapper\">\n\t\t\t\t\t\t\t\t\t<span class=\"elementor-button-text\">Descubre nuestros servicios<\/span>\n\t\t\t\t\t<\/span>\n\t\t\t\t\t<\/a>\n\t\t\t\t<\/div>\n\t\t\t\t\t\t\t\t<\/div>\n\t\t\t\t<\/div>\n\t\t\t\t\t<\/div>\n\t\t\t\t<\/div>\n\t\t\t\t<\/div>\n\t\t","protected":false},"excerpt":{"rendered":"<p>Servicios de restauraci\u00f3n para colectividades SANIDAD Contamos con el compromiso de ofrecer una dieta saludable, adaptada a las prescripciones m\u00e9dicas con platos atractivos, variados. M\u00e1s informaci\u00f3n RESIDENCIAS Ofrecemos un men\u00fa saludable y equilibrado en funci\u00f3n de las prescripciones del centro. M\u00e1s informaci\u00f3n EMPRESAS Ofrecemos un servicio de cocina con conceptos innovadores y adaptados a los [&hellip;]<\/p>\n","protected":false},"author":1,"featured_media":0,"parent":0,"menu_order":0,"comment_status":"closed","ping_status":"closed","template":"elementor_header_footer","meta":{"footnotes":""},"class_list":["post-1765","page","type-page","status-publish","hentry"],"yoast_head":"<!-- This site is optimized with the Yoast SEO plugin v27.1.1 - https:\/\/yoast.com\/product\/yoast-seo-wordpress\/ -->\n<title>INICIO - Boris 45<\/title>\n<meta name=\"description\" content=\"Servicios de restauraci\u00f3n para colectividades SANIDAD Contamos con el compromiso de ofrecer una dieta saludable, adaptada a las prescripciones m\u00e9dicas con\" \/>\n<meta name=\"robots\" content=\"noindex, follow, max-snippet:-1, max-image-preview:large, max-video-preview:-1\" \/>\n<meta property=\"og:locale\" content=\"es_ES\" \/>\n<meta property=\"og:type\" content=\"article\" \/>\n<meta property=\"og:title\" content=\"INICIO - Boris 45\" \/>\n<meta property=\"og:description\" content=\"Servicios de restauraci\u00f3n para colectividades SANIDAD Contamos con el compromiso de ofrecer una dieta saludable, adaptada a las prescripciones m\u00e9dicas con\" \/>\n<meta property=\"og:url\" content=\"https:\/\/www.boris45.com\/es\/inicio\/\" \/>\n<meta property=\"og:site_name\" content=\"Boris 45\" \/>\n<meta property=\"article:modified_time\" content=\"2026-04-13T10:39:47+00:00\" \/>\n<meta property=\"og:image\" content=\"https:\/\/www.boris45.com\/wp-content\/uploads\/2024\/11\/logo-boris-45-color.png\" \/>\n\t<meta property=\"og:image:width\" content=\"310\" \/>\n\t<meta property=\"og:image:height\" content=\"151\" \/>\n\t<meta property=\"og:image:type\" content=\"image\/png\" \/>\n<meta name=\"twitter:card\" content=\"summary_large_image\" \/>\n<meta name=\"twitter:label1\" content=\"Tiempo de lectura\" \/>\n\t<meta name=\"twitter:data1\" content=\"1 minuto\" \/>\n<script type=\"application\/ld+json\" class=\"yoast-schema-graph\">{\"@context\":\"https:\/\/schema.org\",\"@graph\":[{\"@type\":\"WebPage\",\"@id\":\"https:\/\/www.boris45.com\/es\/inicio\/\",\"url\":\"https:\/\/www.boris45.com\/es\/inicio\/\",\"name\":\"INICIO - Boris 45\",\"isPartOf\":{\"@id\":\"https:\/\/www.boris45.com\/#website\"},\"datePublished\":\"2024-11-06T07:32:45+00:00\",\"dateModified\":\"2026-04-13T10:39:47+00:00\",\"description\":\"Servicios de restauraci\u00f3n para colectividades SANIDAD Contamos con el compromiso de ofrecer una dieta saludable, adaptada a las prescripciones m\u00e9dicas con\",\"breadcrumb\":{\"@id\":\"https:\/\/www.boris45.com\/es\/inicio\/#breadcrumb\"},\"inLanguage\":\"es\",\"potentialAction\":[{\"@type\":\"ReadAction\",\"target\":[\"https:\/\/www.boris45.com\/es\/inicio\/\"]}]},{\"@type\":\"BreadcrumbList\",\"@id\":\"https:\/\/www.boris45.com\/es\/inicio\/#breadcrumb\",\"itemListElement\":[{\"@type\":\"ListItem\",\"position\":1,\"name\":\"Portada\",\"item\":\"https:\/\/www.boris45.com\/es\/inicio\/\"},{\"@type\":\"ListItem\",\"position\":2,\"name\":\"INICIO\"}]},{\"@type\":\"WebSite\",\"@id\":\"https:\/\/www.boris45.com\/#website\",\"url\":\"https:\/\/www.boris45.com\/\",\"name\":\"Boris 45\",\"description\":\"Serveis de Restauraci\u00f3 per a Col\u00b7lectivitats\",\"publisher\":{\"@id\":\"https:\/\/www.boris45.com\/#organization\"},\"potentialAction\":[{\"@type\":\"SearchAction\",\"target\":{\"@type\":\"EntryPoint\",\"urlTemplate\":\"https:\/\/www.boris45.com\/?s={search_term_string}\"},\"query-input\":{\"@type\":\"PropertyValueSpecification\",\"valueRequired\":true,\"valueName\":\"search_term_string\"}}],\"inLanguage\":\"es\"},{\"@type\":\"Organization\",\"@id\":\"https:\/\/www.boris45.com\/#organization\",\"name\":\"Boris 45\",\"url\":\"https:\/\/www.boris45.com\/\",\"logo\":{\"@type\":\"ImageObject\",\"inLanguage\":\"es\",\"@id\":\"https:\/\/www.boris45.com\/#\/schema\/logo\/image\/\",\"url\":\"https:\/\/www.boris45.com\/wp-content\/uploads\/2024\/11\/logo-boris-45-blanc.png\",\"contentUrl\":\"https:\/\/www.boris45.com\/wp-content\/uploads\/2024\/11\/logo-boris-45-blanc.png\",\"width\":845,\"height\":594,\"caption\":\"Boris 45\"},\"image\":{\"@id\":\"https:\/\/www.boris45.com\/#\/schema\/logo\/image\/\"}}]}<\/script>\n<!-- \/ Yoast SEO plugin. -->","yoast_head_json":{"title":"INICIO - Boris 45","description":"Servicios de restauraci\u00f3n para colectividades SANIDAD Contamos con el compromiso de ofrecer una dieta saludable, adaptada a las prescripciones m\u00e9dicas con","robots":{"index":"noindex","follow":"follow","max-snippet":"max-snippet:-1","max-image-preview":"max-image-preview:large","max-video-preview":"max-video-preview:-1"},"og_locale":"es_ES","og_type":"article","og_title":"INICIO - Boris 45","og_description":"Servicios de restauraci\u00f3n para colectividades SANIDAD Contamos con el compromiso de ofrecer una dieta saludable, adaptada a las prescripciones m\u00e9dicas con","og_url":"https:\/\/www.boris45.com\/es\/inicio\/","og_site_name":"Boris 45","article_modified_time":"2026-04-13T10:39:47+00:00","og_image":[{"width":310,"height":151,"url":"https:\/\/www.boris45.com\/wp-content\/uploads\/2024\/11\/logo-boris-45-color.png","type":"image\/png"}],"twitter_card":"summary_large_image","twitter_misc":{"Tiempo de lectura":"1 minuto"},"schema":{"@context":"https:\/\/schema.org","@graph":[{"@type":"WebPage","@id":"https:\/\/www.boris45.com\/es\/inicio\/","url":"https:\/\/www.boris45.com\/es\/inicio\/","name":"INICIO - Boris 45","isPartOf":{"@id":"https:\/\/www.boris45.com\/#website"},"datePublished":"2024-11-06T07:32:45+00:00","dateModified":"2026-04-13T10:39:47+00:00","description":"Servicios de restauraci\u00f3n para colectividades SANIDAD Contamos con el compromiso de ofrecer una dieta saludable, adaptada a las prescripciones m\u00e9dicas con","breadcrumb":{"@id":"https:\/\/www.boris45.com\/es\/inicio\/#breadcrumb"},"inLanguage":"es","potentialAction":[{"@type":"ReadAction","target":["https:\/\/www.boris45.com\/es\/inicio\/"]}]},{"@type":"BreadcrumbList","@id":"https:\/\/www.boris45.com\/es\/inicio\/#breadcrumb","itemListElement":[{"@type":"ListItem","position":1,"name":"Portada","item":"https:\/\/www.boris45.com\/es\/inicio\/"},{"@type":"ListItem","position":2,"name":"INICIO"}]},{"@type":"WebSite","@id":"https:\/\/www.boris45.com\/#website","url":"https:\/\/www.boris45.com\/","name":"Boris 45","description":"Serveis de Restauraci\u00f3 per a Col\u00b7lectivitats","publisher":{"@id":"https:\/\/www.boris45.com\/#organization"},"potentialAction":[{"@type":"SearchAction","target":{"@type":"EntryPoint","urlTemplate":"https:\/\/www.boris45.com\/?s={search_term_string}"},"query-input":{"@type":"PropertyValueSpecification","valueRequired":true,"valueName":"search_term_string"}}],"inLanguage":"es"},{"@type":"Organization","@id":"https:\/\/www.boris45.com\/#organization","name":"Boris 45","url":"https:\/\/www.boris45.com\/","logo":{"@type":"ImageObject","inLanguage":"es","@id":"https:\/\/www.boris45.com\/#\/schema\/logo\/image\/","url":"https:\/\/www.boris45.com\/wp-content\/uploads\/2024\/11\/logo-boris-45-blanc.png","contentUrl":"https:\/\/www.boris45.com\/wp-content\/uploads\/2024\/11\/logo-boris-45-blanc.png","width":845,"height":594,"caption":"Boris 45"},"image":{"@id":"https:\/\/www.boris45.com\/#\/schema\/logo\/image\/"}}]}},"_links":{"self":[{"href":"https:\/\/www.boris45.com\/es\/wp-json\/wp\/v2\/pages\/1765","targetHints":{"allow":["GET"]}}],"collection":[{"href":"https:\/\/www.boris45.com\/es\/wp-json\/wp\/v2\/pages"}],"about":[{"href":"https:\/\/www.boris45.com\/es\/wp-json\/wp\/v2\/types\/page"}],"author":[{"embeddable":true,"href":"https:\/\/www.boris45.com\/es\/wp-json\/wp\/v2\/users\/1"}],"replies":[{"embeddable":true,"href":"https:\/\/www.boris45.com\/es\/wp-json\/wp\/v2\/comments?post=1765"}],"version-history":[{"count":5,"href":"https:\/\/www.boris45.com\/es\/wp-json\/wp\/v2\/pages\/1765\/revisions"}],"predecessor-version":[{"id":2910,"href":"https:\/\/www.boris45.com\/es\/wp-json\/wp\/v2\/pages\/1765\/revisions\/2910"}],"wp:attachment":[{"href":"https:\/\/www.boris45.com\/es\/wp-json\/wp\/v2\/media?parent=1765"}],"curies":[{"name":"wp","href":"https:\/\/api.w.org\/{rel}","templated":true}]}}