{"id":2005,"date":"2025-01-21T11:53:25","date_gmt":"2025-01-21T10:53:25","guid":{"rendered":"https:\/\/www2.boris45.com\/politica-de-privacidad-y-aviso-legal\/"},"modified":"2025-01-21T12:54:31","modified_gmt":"2025-01-21T11:54:31","slug":"politica-de-privacidad-y-aviso-legal","status":"publish","type":"page","link":"https:\/\/www.boris45.com\/es\/politica-de-privacidad-y-aviso-legal\/","title":{"rendered":"POL\u00cdTICA DE PRIVACIDAD Y AVISO LEGAL"},"content":{"rendered":"\t\t<div data-elementor-type=\"wp-page\" data-elementor-id=\"2005\" class=\"elementor elementor-2005 elementor-1971\" data-elementor-post-type=\"page\">\n\t\t\t\t<div class=\"elementor-element elementor-element-bd27b7b e-flex e-con-boxed e-con e-parent\" data-id=\"bd27b7b\" data-element_type=\"container\" data-e-type=\"container\">\n\t\t\t\t\t<div class=\"e-con-inner\">\n\t\t\t\t<div class=\"elementor-element elementor-element-635f27d elementor-widget elementor-widget-heading\" data-id=\"635f27d\" data-element_type=\"widget\" data-e-type=\"widget\" data-widget_type=\"heading.default\">\n\t\t\t\t<div class=\"elementor-widget-container\">\n\t\t\t\t\t<h3 class=\"elementor-heading-title elementor-size-default\">Aviso legal y pol\u00edtica de privacidad<\/h3>\t\t\t\t<\/div>\n\t\t\t\t<\/div>\n\t\t\t\t\t<\/div>\n\t\t\t\t<\/div>\n\t\t<div class=\"elementor-element elementor-element-f3f9677 e-flex e-con-boxed e-con e-parent\" data-id=\"f3f9677\" data-element_type=\"container\" data-e-type=\"container\">\n\t\t\t\t\t<div class=\"e-con-inner\">\n\t\t\t\t<div class=\"elementor-element elementor-element-bb5ad76 elementor-widget elementor-widget-text-editor\" data-id=\"bb5ad76\" data-element_type=\"widget\" data-e-type=\"widget\" data-widget_type=\"text-editor.default\">\n\t\t\t\t<div class=\"elementor-widget-container\">\n\t\t\t\t\t\t\t\t\t<p><em>\u00daltima actualizaci\u00f3n: 22.1.2025<\/em><\/p>\n<p>A efectos del art\u00edculo 10 de la Ley 34\/2002 de 11 de julio, la Ley de Servicios de la Sociedad de la Informaci\u00f3n y del Comercio Electr\u00f3nico, se informa al usuario que el titular de la web www.boris45.com es Boris 45, S.A.U. con CIF: A-08952129 y domicilio social en Av. Madrid 127-133, 08028-Barcelona (Barcelona). Tel\u00e9fono de contacto 93 224 23 34 y direcci\u00f3n de correo electr\u00f3nico info@boris45.com<\/p>\n<p><strong>Condiciones de uso<\/strong><\/p>\n<p>Con estas Condiciones de uso, Boris 45, S.A.U. regula el acceso a esta p\u00e1gina web y la puesta a disposici\u00f3n de la informaci\u00f3n que hay, por parte de los usuarios de la red.<br \/>Por el solo uso de este sitio web, el usuario manifiesta que acepta sin reservas estas Condiciones de uso. El uso del sitio web y de la informaci\u00f3n que incluye, en principio, es de car\u00e1cter gratuito, sin perjuicio de que esta circunstancia pueda variar, con lo que Boris 45, S.A.U. se compromete a publicar las nuevas condiciones de uso en la web en el tiempo m\u00e1s reducido posible. El usuario se obliga a no utilizar el sitio web ni la informaci\u00f3n que se ofrece para realizar actividades contrarias a las leyes, la moral, el orden p\u00fablico y, en general, a hacer un uso conforme a estas condiciones de uso. Tanto el acceso como la informaci\u00f3n son responsabilidad exclusiva de quien los hace, sin que se pueda responsabilizar a Boris 45, S.A.U. de los da\u00f1os o perjuicios que puedan derivarse de este acceso o uso de la informaci\u00f3n ajenas a su voluntad. Boris 45, S.A.U. no es responsable de los errores al acceder al sitio web o en sus contenidos y pondr\u00e1 la mayor diligencia posible para que estos errores no se produzcan. Boris 45, S.A.U. se reserva el derecho de suspender temporalmente y sin necesidad de aviso previo, la accesibilidad a sus p\u00e1ginas web, por la eventual necesidad de realizar operaciones de mantenimiento, reparaci\u00f3n, actualizaci\u00f3n o mejora. Todos los contenidos del sitio web (incluyendo, sin car\u00e1cter limitativo, bases de datos, im\u00e1genes, dibujos, gr\u00e1ficos, archivos de texto, audio, v\u00eddeo y software) son propiedad de Boris 45, S.A.U. y est\u00e1n protegidos por las normas nacionales o internacionales de propiedad intelectual e industrial. Las marcas, letreros, signos distintivos o logotipos de Boris 45 que aparecen en la p\u00e1gina web son titularidad de Boris 45, S.A.U. Estos criterios tambi\u00e9n hacen referencia al nombre de dominio www.boris45.com.<br \/>Todos los textos, dibujos gr\u00e1ficos, v\u00eddeos o soportes de audio, propiedad de Boris 45, S.A.U. no podr\u00e1n ser objeto de ulterior modificaci\u00f3n, copia, alteraci\u00f3n, reproducci\u00f3n, adaptaci\u00f3n o traducci\u00f3n por parte del usuario o de terceros sin la autorizaci\u00f3n expresa de Boris 45, salvo que se indique lo contrario. El uso no autorizado de la informaci\u00f3n incluida en este sitio web y la lesi\u00f3n de los derechos de propiedad intelectual o industrial dar\u00e1n lugar a las responsabilidades legalmente establecidas. El establecimiento de cualquier hiperenlace desde una p\u00e1gina web ajena a cualquiera de las p\u00e1ginas del sitio web Boris 45, S.A.U. estar\u00e1 sometido a las siguientes condiciones: <br \/>a. No se permite la reproducci\u00f3n total ni parcial de ninguno de los servicios incluidos en el sitio web de Boris 45. <br \/>b. No se establecer\u00e1n deep-links con el sitio web de Boris 45 ni de sus servicios, ni se crear\u00e1 ning\u00fan explorador web o border environment <br \/>c. No se incluir\u00e1 ninguna manifestaci\u00f3n falsa, inexacta o incorrecta sobre las p\u00e1ginas del sitio web de Boris 45 y sus servicios en particular, excepto aquellos signos que formen parte del mismo hiperenlace en la p\u00e1gina web de Boris 45, no contendr\u00e1 ninguna marca, nombre comercial, r\u00f3tulo de establecimiento, denominaci\u00f3n, logotipo, eslogan u otros signos distintivos que pertenezcan a Boris 45, S.A.U . <br \/>d. Bajo ninguna circunstancia, Boris 45, S.A.U. ser\u00e1 responsable de los contenidos o servicios puestos a disposici\u00f3n del p\u00fablico en la p\u00e1gina web desde la que se haga el hiperenlace ni de las informaciones o manifestaciones que se incluyan. <br \/>e. Cualquier hiperenlace en la web de Boris 45 se efectuar\u00e1 en la p\u00e1gina principal.<\/p>\n<p><strong>Pol\u00edtica de privacidad o protecci\u00f3n de datos<\/strong><\/p>\n<p>Utilizan galletas (cookies) para mejorar la experiencia de los usuarios, para facilitar la navegaci\u00f3n por el sitio web y una adecuada experiencia de usuario.<\/p>\n<p><strong>\u00bfQu\u00e9 son las cookies?<\/strong><\/p>\n<p>Las cookies son peque\u00f1os archivos de texto que se almacenan en el ordenador, tablet o smartphone mediante el navegador del usuario cuando \u00e9ste visita una p\u00e1gina web. Estos ficheros almacenan informaci\u00f3n de car\u00e1cter temporal pero necesaria para optimizar la experiencia de navegaci\u00f3n y ahorrar tiempo en posteriores visitas a la p\u00e1gina.<\/p>\n<p><strong>Bloqueo de cookies<\/strong><\/p>\n<p>Puedes bloquear las galletas a trav\u00e9s de las opciones de configuraci\u00f3n de tu navegador pero esto puede provocar que no funcione correctamente la p\u00e1gina durante tu navegaci\u00f3n o que \u00e9sta tenga comportamientos inesperados e incluso la limitaci\u00f3n de acceso a ciertos apartados de la web. La informaci\u00f3n contenida en esta web es de car\u00e1cter divulgativo. Por lo tanto, Boris 45 S.A.U. no asumir\u00e1 ninguna responsabilidad sobre el uso inadecuado de los contenidos de su sitio web. Las condiciones de uso de este sitio web tienen car\u00e1cter indefinido. Boris 45, S.A.U., en todo caso, se reserva el derecho unilateral de modificar las condiciones de acceso, y los contenidos que se incluyen, o las condiciones de uso de su servicio de alojamiento gratuito de art\u00edculos, incluidas en este documento. La prestaci\u00f3n del servicio de este sitio web y estas condiciones de uso se rigen por la ley espa\u00f1ola. Las partes, con renuncia expresa a cualquier otro fuero que pudiera corresponderles, acuerdan someterse a la jurisdicci\u00f3n de los Juzgados y Tribunales de Barcelona. <br \/>Copyright Boris 45, S.A.U. es titular de todos los derechos de propiedad intelectual sobre el dise\u00f1o y contenidos de la p\u00e1gina web www.boris45.com , y sobre los derechos de propiedad industrial referidos a sus productos y servicios y espec\u00edficamente los relativos a las marcas registradas.<\/p>\n<p><strong>Actualizaci\u00f3n de esta pol\u00edtica de privacidad<\/strong><\/p>\n<p>Boris45,S.A.U. se reserva el derecho de modificar esta pol\u00edtica de privacidad en cualquier momento y como efectos futuros. Por lo tanto, se recomienda que se vuelva a leer esta pol\u00edtica de privacidad a intervalos regulares. <\/p>\n\t\t\t\t\t\t\t\t<\/div>\n\t\t\t\t<\/div>\n\t\t\t\t\t<\/div>\n\t\t\t\t<\/div>\n\t\t\t\t<\/div>\n\t\t","protected":false},"excerpt":{"rendered":"<p>Aviso legal y pol\u00edtica de privacidad \u00daltima actualizaci\u00f3n: 22.1.2025 A efectos del art\u00edculo 10 de la Ley 34\/2002 de 11 de julio, la Ley de Servicios de la Sociedad de la Informaci\u00f3n y del Comercio Electr\u00f3nico, se informa al usuario que el titular de la web www.boris45.com es Boris 45, S.A.U. con CIF: A-08952129 y [&hellip;]<\/p>\n","protected":false},"author":1,"featured_media":0,"parent":0,"menu_order":0,"comment_status":"closed","ping_status":"closed","template":"elementor_header_footer","meta":{"footnotes":""},"class_list":["post-2005","page","type-page","status-publish","hentry"],"yoast_head":"<!-- This site is optimized with the Yoast SEO plugin v27.1.1 - https:\/\/yoast.com\/product\/yoast-seo-wordpress\/ -->\n<title>POL\u00cdTICA DE PRIVACIDAD Y AVISO LEGAL - Boris 45<\/title>\n<meta name=\"description\" content=\"Aviso legal y pol\u00edtica de privacidad \u00daltima actualizaci\u00f3n: 22.1.2025 A efectos del art\u00edculo 10 de la Ley 34\/2002 de 11 de julio, la Ley de Servicios de la\" \/>\n<meta name=\"robots\" content=\"noindex, follow, max-snippet:-1, max-image-preview:large, max-video-preview:-1\" \/>\n<meta property=\"og:locale\" content=\"es_ES\" \/>\n<meta property=\"og:type\" content=\"article\" \/>\n<meta property=\"og:title\" content=\"POL\u00cdTICA DE PRIVACIDAD Y AVISO LEGAL - Boris 45\" \/>\n<meta property=\"og:description\" content=\"Aviso legal y pol\u00edtica de privacidad \u00daltima actualizaci\u00f3n: 22.1.2025 A efectos del art\u00edculo 10 de la Ley 34\/2002 de 11 de julio, la Ley de Servicios de la\" \/>\n<meta property=\"og:url\" content=\"https:\/\/www.boris45.com\/politica-de-privacitat-i-avis-legal\/\" \/>\n<meta property=\"og:site_name\" content=\"Boris 45\" \/>\n<meta property=\"article:modified_time\" content=\"2025-01-21T11:54:31+00:00\" \/>\n<meta property=\"og:image\" content=\"https:\/\/www.boris45.com\/wp-content\/uploads\/2024\/11\/logo-boris-45-color.png\" \/>\n\t<meta property=\"og:image:width\" content=\"310\" \/>\n\t<meta property=\"og:image:height\" content=\"151\" \/>\n\t<meta property=\"og:image:type\" content=\"image\/png\" \/>\n<meta name=\"twitter:card\" content=\"summary_large_image\" \/>\n<meta name=\"twitter:label1\" content=\"Tiempo de lectura\" \/>\n\t<meta name=\"twitter:data1\" content=\"6 minutos\" \/>\n<script type=\"application\/ld+json\" class=\"yoast-schema-graph\">{\"@context\":\"https:\/\/schema.org\",\"@graph\":[{\"@type\":\"WebPage\",\"@id\":\"https:\/\/www.boris45.com\/politica-de-privacitat-i-avis-legal\/\",\"url\":\"https:\/\/www.boris45.com\/politica-de-privacitat-i-avis-legal\/\",\"name\":\"POL\u00cdTICA DE PRIVACIDAD Y AVISO LEGAL - Boris 45\",\"isPartOf\":{\"@id\":\"https:\/\/www.boris45.com\/#website\"},\"datePublished\":\"2025-01-21T10:53:25+00:00\",\"dateModified\":\"2025-01-21T11:54:31+00:00\",\"description\":\"Aviso legal y pol\u00edtica de privacidad \u00daltima actualizaci\u00f3n: 22.1.2025 A efectos del art\u00edculo 10 de la Ley 34\/2002 de 11 de julio, la Ley de Servicios de la\",\"breadcrumb\":{\"@id\":\"https:\/\/www.boris45.com\/politica-de-privacitat-i-avis-legal\/#breadcrumb\"},\"inLanguage\":\"es\",\"potentialAction\":[{\"@type\":\"ReadAction\",\"target\":[\"https:\/\/www.boris45.com\/politica-de-privacitat-i-avis-legal\/\"]}]},{\"@type\":\"BreadcrumbList\",\"@id\":\"https:\/\/www.boris45.com\/politica-de-privacitat-i-avis-legal\/#breadcrumb\",\"itemListElement\":[{\"@type\":\"ListItem\",\"position\":1,\"name\":\"Portada\",\"item\":\"https:\/\/www.boris45.com\/es\/inicio\/\"},{\"@type\":\"ListItem\",\"position\":2,\"name\":\"POL\u00cdTICA DE PRIVACIDAD Y AVISO LEGAL\"}]},{\"@type\":\"WebSite\",\"@id\":\"https:\/\/www.boris45.com\/#website\",\"url\":\"https:\/\/www.boris45.com\/\",\"name\":\"Boris 45\",\"description\":\"Serveis de Restauraci\u00f3 per a Col\u00b7lectivitats\",\"publisher\":{\"@id\":\"https:\/\/www.boris45.com\/#organization\"},\"potentialAction\":[{\"@type\":\"SearchAction\",\"target\":{\"@type\":\"EntryPoint\",\"urlTemplate\":\"https:\/\/www.boris45.com\/?s={search_term_string}\"},\"query-input\":{\"@type\":\"PropertyValueSpecification\",\"valueRequired\":true,\"valueName\":\"search_term_string\"}}],\"inLanguage\":\"es\"},{\"@type\":\"Organization\",\"@id\":\"https:\/\/www.boris45.com\/#organization\",\"name\":\"Boris 45\",\"url\":\"https:\/\/www.boris45.com\/\",\"logo\":{\"@type\":\"ImageObject\",\"inLanguage\":\"es\",\"@id\":\"https:\/\/www.boris45.com\/#\/schema\/logo\/image\/\",\"url\":\"https:\/\/www.boris45.com\/wp-content\/uploads\/2024\/11\/logo-boris-45-blanc.png\",\"contentUrl\":\"https:\/\/www.boris45.com\/wp-content\/uploads\/2024\/11\/logo-boris-45-blanc.png\",\"width\":845,\"height\":594,\"caption\":\"Boris 45\"},\"image\":{\"@id\":\"https:\/\/www.boris45.com\/#\/schema\/logo\/image\/\"}}]}<\/script>\n<!-- \/ Yoast SEO plugin. -->","yoast_head_json":{"title":"POL\u00cdTICA DE PRIVACIDAD Y AVISO LEGAL - Boris 45","description":"Aviso legal y pol\u00edtica de privacidad \u00daltima actualizaci\u00f3n: 22.1.2025 A efectos del art\u00edculo 10 de la Ley 34\/2002 de 11 de julio, la Ley de Servicios de la","robots":{"index":"noindex","follow":"follow","max-snippet":"max-snippet:-1","max-image-preview":"max-image-preview:large","max-video-preview":"max-video-preview:-1"},"og_locale":"es_ES","og_type":"article","og_title":"POL\u00cdTICA DE PRIVACIDAD Y AVISO LEGAL - Boris 45","og_description":"Aviso legal y pol\u00edtica de privacidad \u00daltima actualizaci\u00f3n: 22.1.2025 A efectos del art\u00edculo 10 de la Ley 34\/2002 de 11 de julio, la Ley de Servicios de la","og_url":"https:\/\/www.boris45.com\/politica-de-privacitat-i-avis-legal\/","og_site_name":"Boris 45","article_modified_time":"2025-01-21T11:54:31+00:00","og_image":[{"width":310,"height":151,"url":"https:\/\/www.boris45.com\/wp-content\/uploads\/2024\/11\/logo-boris-45-color.png","type":"image\/png"}],"twitter_card":"summary_large_image","twitter_misc":{"Tiempo de lectura":"6 minutos"},"schema":{"@context":"https:\/\/schema.org","@graph":[{"@type":"WebPage","@id":"https:\/\/www.boris45.com\/politica-de-privacitat-i-avis-legal\/","url":"https:\/\/www.boris45.com\/politica-de-privacitat-i-avis-legal\/","name":"POL\u00cdTICA DE PRIVACIDAD Y AVISO LEGAL - Boris 45","isPartOf":{"@id":"https:\/\/www.boris45.com\/#website"},"datePublished":"2025-01-21T10:53:25+00:00","dateModified":"2025-01-21T11:54:31+00:00","description":"Aviso legal y pol\u00edtica de privacidad \u00daltima actualizaci\u00f3n: 22.1.2025 A efectos del art\u00edculo 10 de la Ley 34\/2002 de 11 de julio, la Ley de Servicios de la","breadcrumb":{"@id":"https:\/\/www.boris45.com\/politica-de-privacitat-i-avis-legal\/#breadcrumb"},"inLanguage":"es","potentialAction":[{"@type":"ReadAction","target":["https:\/\/www.boris45.com\/politica-de-privacitat-i-avis-legal\/"]}]},{"@type":"BreadcrumbList","@id":"https:\/\/www.boris45.com\/politica-de-privacitat-i-avis-legal\/#breadcrumb","itemListElement":[{"@type":"ListItem","position":1,"name":"Portada","item":"https:\/\/www.boris45.com\/es\/inicio\/"},{"@type":"ListItem","position":2,"name":"POL\u00cdTICA DE PRIVACIDAD Y AVISO LEGAL"}]},{"@type":"WebSite","@id":"https:\/\/www.boris45.com\/#website","url":"https:\/\/www.boris45.com\/","name":"Boris 45","description":"Serveis de Restauraci\u00f3 per a Col\u00b7lectivitats","publisher":{"@id":"https:\/\/www.boris45.com\/#organization"},"potentialAction":[{"@type":"SearchAction","target":{"@type":"EntryPoint","urlTemplate":"https:\/\/www.boris45.com\/?s={search_term_string}"},"query-input":{"@type":"PropertyValueSpecification","valueRequired":true,"valueName":"search_term_string"}}],"inLanguage":"es"},{"@type":"Organization","@id":"https:\/\/www.boris45.com\/#organization","name":"Boris 45","url":"https:\/\/www.boris45.com\/","logo":{"@type":"ImageObject","inLanguage":"es","@id":"https:\/\/www.boris45.com\/#\/schema\/logo\/image\/","url":"https:\/\/www.boris45.com\/wp-content\/uploads\/2024\/11\/logo-boris-45-blanc.png","contentUrl":"https:\/\/www.boris45.com\/wp-content\/uploads\/2024\/11\/logo-boris-45-blanc.png","width":845,"height":594,"caption":"Boris 45"},"image":{"@id":"https:\/\/www.boris45.com\/#\/schema\/logo\/image\/"}}]}},"_links":{"self":[{"href":"https:\/\/www.boris45.com\/es\/wp-json\/wp\/v2\/pages\/2005","targetHints":{"allow":["GET"]}}],"collection":[{"href":"https:\/\/www.boris45.com\/es\/wp-json\/wp\/v2\/pages"}],"about":[{"href":"https:\/\/www.boris45.com\/es\/wp-json\/wp\/v2\/types\/page"}],"author":[{"embeddable":true,"href":"https:\/\/www.boris45.com\/es\/wp-json\/wp\/v2\/users\/1"}],"replies":[{"embeddable":true,"href":"https:\/\/www.boris45.com\/es\/wp-json\/wp\/v2\/comments?post=2005"}],"version-history":[{"count":1,"href":"https:\/\/www.boris45.com\/es\/wp-json\/wp\/v2\/pages\/2005\/revisions"}],"predecessor-version":[{"id":2006,"href":"https:\/\/www.boris45.com\/es\/wp-json\/wp\/v2\/pages\/2005\/revisions\/2006"}],"wp:attachment":[{"href":"https:\/\/www.boris45.com\/es\/wp-json\/wp\/v2\/media?parent=2005"}],"curies":[{"name":"wp","href":"https:\/\/api.w.org\/{rel}","templated":true}]}}