{"id":2059,"date":"2025-01-21T14:27:39","date_gmt":"2025-01-21T13:27:39","guid":{"rendered":"https:\/\/www2.boris45.com\/lopd\/"},"modified":"2025-01-21T14:41:56","modified_gmt":"2025-01-21T13:41:56","slug":"lopd","status":"publish","type":"page","link":"https:\/\/www.boris45.com\/es\/lopd\/","title":{"rendered":"LOPD"},"content":{"rendered":"\t\t<div data-elementor-type=\"wp-page\" data-elementor-id=\"2059\" class=\"elementor elementor-2059 elementor-2032\" data-elementor-post-type=\"page\">\n\t\t\t\t<div class=\"elementor-element elementor-element-133cab9 e-flex e-con-boxed e-con e-parent\" data-id=\"133cab9\" data-element_type=\"container\" data-e-type=\"container\">\n\t\t\t\t\t<div class=\"e-con-inner\">\n\t\t\t\t<div class=\"elementor-element elementor-element-6d53ff9 elementor-widget elementor-widget-heading\" data-id=\"6d53ff9\" data-element_type=\"widget\" data-e-type=\"widget\" data-widget_type=\"heading.default\">\n\t\t\t\t<div class=\"elementor-widget-container\">\n\t\t\t\t\t<h2 class=\"elementor-heading-title elementor-size-default\">Pol\u00edtica de Privacidad para candidatos<\/h2>\t\t\t\t<\/div>\n\t\t\t\t<\/div>\n\t\t\t\t<div class=\"elementor-element elementor-element-a24584c elementor-widget elementor-widget-text-editor\" data-id=\"a24584c\" data-element_type=\"widget\" data-e-type=\"widget\" data-widget_type=\"text-editor.default\">\n\t\t\t\t<div class=\"elementor-widget-container\">\n\t\t\t\t\t\t\t\t\t<p><strong>Responsable del Tratamiento:<\/strong> BORIS 45 S.A.U.<\/p>\n<p>A efectos del art\u00edculo 10 de la Ley 34\/2002 de 11 de julio, la Ley de Servicios de la Sociedad de la Informaci\u00f3n y del Comercio Electr\u00f3nico, se informa al usuario que el titular de la web www.boris45.com es Boris 45, S.A.U. con CIF: A-08952129 y domicilio social en Av. Madrid 127-133, 08028-Barcelona (Barcelona). Tel\u00e9fono de contacto 93 224 23 34 y direcci\u00f3n de correo electr\u00f3nico info@boris45.com<\/p>\n<p>En nombre de la empresa le informamos que trataremos la informaci\u00f3n que usted nos facilita con las siguientes finalidades: incluirle en un posible proceso de selecci\u00f3n de personal y realizar una evaluaci\u00f3n de sus competencias curriculares.<\/p>\n<p>Los datos que recogemos y tratamos son los necesarios para identificarle en nuestros sistemas y los relativos a su informaci\u00f3n curricular, laboral y perfil competencial. En caso de producirse alguna modificaci\u00f3n en sus datos, le rogamos nos lo comunique al objeto de mantener sus datos debidamente actualizados.<\/p>\n<p>Si no se produce dicha actualizaci\u00f3n procederemos a suprimir sus datos personales una vez transcurrido un a\u00f1o. Si su candidatura ha sido incorporada a un proceso de selecci\u00f3n, sus datos ser\u00e1n suprimidos una vez transcurridos tres a\u00f1os de la finalizaci\u00f3n de la selecci\u00f3n. Una vez que se supere este tiempo o bien usted solicite la supresi\u00f3n o revoque el consentimiento otorgado para participar en este proceso, se suprimir\u00e1n los datos identificativos, as\u00ed como los datos curriculares y cualquier otra informaci\u00f3n que nos haya entregado para las finalidades anteriormente descritas.<\/p>\n<p>Las personas interesadas tienen derecho a acceder a sus datos personales, as\u00ed como a solicitar la rectificaci\u00f3n de los datos inexactos o, en su caso, solicitar su supresi\u00f3n cuando, entre otros motivos, los datos ya no sean necesarios para los fines que fueron recogidos. En determinadas circunstancias y por motivos relacionados con su situaci\u00f3n particular, los interesados podr\u00e1n oponerse al tratamiento de sus datos, limitar el tratamiento o solicitar la portabilidad de sus datos. Podr\u00e1 ejercitar materialmente sus derechos a trav\u00e9s de la jurisdicci\u00f3n de los Juzgados y Tribunales de Barcelona, aportando una copia de su DNI con indicaci\u00f3n del derecho que quiere ejercer. Asimismo, puede contactar con nuestro Delegado de Protecci\u00f3n de Datos en la direcci\u00f3n de correo electr\u00f3nico indicada. <\/p>\n<p>Puede dirigirse a la Agencia Espa\u00f1ola de Protecci\u00f3n de Datos www.agpd.es si no est\u00e1 de acuerdo con la atenci\u00f3n recibida respecto a sus derechos.<\/p>\n\t\t\t\t\t\t\t\t<\/div>\n\t\t\t\t<\/div>\n\t\t\t\t\t<\/div>\n\t\t\t\t<\/div>\n\t\t\t\t<\/div>\n\t\t","protected":false},"excerpt":{"rendered":"<p>Pol\u00edtica de Privacidad para candidatos Responsable del Tratamiento: BORIS 45 S.A.U. A efectos del art\u00edculo 10 de la Ley 34\/2002 de 11 de julio, la Ley de Servicios de la Sociedad de la Informaci\u00f3n y del Comercio Electr\u00f3nico, se informa al usuario que el titular de la web www.boris45.com es Boris 45, S.A.U. con CIF: [&hellip;]<\/p>\n","protected":false},"author":1,"featured_media":0,"parent":0,"menu_order":0,"comment_status":"closed","ping_status":"closed","template":"elementor_header_footer","meta":{"footnotes":""},"class_list":["post-2059","page","type-page","status-publish","hentry"],"yoast_head":"<!-- This site is optimized with the Yoast SEO plugin v27.1.1 - https:\/\/yoast.com\/product\/yoast-seo-wordpress\/ -->\n<title>LOPD - Boris 45<\/title>\n<meta name=\"description\" content=\"Pol\u00edtica de Privacidad para candidatos Responsable del Tratamiento: BORIS 45 S.A.U. A efectos del art\u00edculo 10 de la Ley 34\/2002 de 11 de julio, la Ley de\" \/>\n<meta name=\"robots\" content=\"noindex, follow, max-snippet:-1, max-image-preview:large, max-video-preview:-1\" \/>\n<meta property=\"og:locale\" content=\"es_ES\" \/>\n<meta property=\"og:type\" content=\"article\" \/>\n<meta property=\"og:title\" content=\"LOPD - Boris 45\" \/>\n<meta property=\"og:description\" content=\"Pol\u00edtica de Privacidad para candidatos Responsable del Tratamiento: BORIS 45 S.A.U. A efectos del art\u00edculo 10 de la Ley 34\/2002 de 11 de julio, la Ley de\" \/>\n<meta property=\"og:url\" content=\"https:\/\/www.boris45.com\/lopd\/\" \/>\n<meta property=\"og:site_name\" content=\"Boris 45\" \/>\n<meta property=\"article:modified_time\" content=\"2025-01-21T13:41:56+00:00\" \/>\n<meta property=\"og:image\" content=\"https:\/\/www.boris45.com\/wp-content\/uploads\/2024\/11\/logo-boris-45-color.png\" \/>\n\t<meta property=\"og:image:width\" content=\"310\" \/>\n\t<meta property=\"og:image:height\" content=\"151\" \/>\n\t<meta property=\"og:image:type\" content=\"image\/png\" \/>\n<meta name=\"twitter:card\" content=\"summary_large_image\" \/>\n<meta name=\"twitter:label1\" content=\"Tiempo de lectura\" \/>\n\t<meta name=\"twitter:data1\" content=\"2 minutos\" \/>\n<script type=\"application\/ld+json\" class=\"yoast-schema-graph\">{\"@context\":\"https:\/\/schema.org\",\"@graph\":[{\"@type\":\"WebPage\",\"@id\":\"https:\/\/www.boris45.com\/lopd\/\",\"url\":\"https:\/\/www.boris45.com\/lopd\/\",\"name\":\"LOPD - Boris 45\",\"isPartOf\":{\"@id\":\"https:\/\/www.boris45.com\/#website\"},\"datePublished\":\"2025-01-21T13:27:39+00:00\",\"dateModified\":\"2025-01-21T13:41:56+00:00\",\"description\":\"Pol\u00edtica de Privacidad para candidatos Responsable del Tratamiento: BORIS 45 S.A.U. A efectos del art\u00edculo 10 de la Ley 34\/2002 de 11 de julio, la Ley de\",\"breadcrumb\":{\"@id\":\"https:\/\/www.boris45.com\/lopd\/#breadcrumb\"},\"inLanguage\":\"es\",\"potentialAction\":[{\"@type\":\"ReadAction\",\"target\":[\"https:\/\/www.boris45.com\/lopd\/\"]}]},{\"@type\":\"BreadcrumbList\",\"@id\":\"https:\/\/www.boris45.com\/lopd\/#breadcrumb\",\"itemListElement\":[{\"@type\":\"ListItem\",\"position\":1,\"name\":\"Portada\",\"item\":\"https:\/\/www.boris45.com\/es\/inicio\/\"},{\"@type\":\"ListItem\",\"position\":2,\"name\":\"LOPD\"}]},{\"@type\":\"WebSite\",\"@id\":\"https:\/\/www.boris45.com\/#website\",\"url\":\"https:\/\/www.boris45.com\/\",\"name\":\"Boris 45\",\"description\":\"Serveis de Restauraci\u00f3 per a Col\u00b7lectivitats\",\"publisher\":{\"@id\":\"https:\/\/www.boris45.com\/#organization\"},\"potentialAction\":[{\"@type\":\"SearchAction\",\"target\":{\"@type\":\"EntryPoint\",\"urlTemplate\":\"https:\/\/www.boris45.com\/?s={search_term_string}\"},\"query-input\":{\"@type\":\"PropertyValueSpecification\",\"valueRequired\":true,\"valueName\":\"search_term_string\"}}],\"inLanguage\":\"es\"},{\"@type\":\"Organization\",\"@id\":\"https:\/\/www.boris45.com\/#organization\",\"name\":\"Boris 45\",\"url\":\"https:\/\/www.boris45.com\/\",\"logo\":{\"@type\":\"ImageObject\",\"inLanguage\":\"es\",\"@id\":\"https:\/\/www.boris45.com\/#\/schema\/logo\/image\/\",\"url\":\"https:\/\/www.boris45.com\/wp-content\/uploads\/2024\/11\/logo-boris-45-blanc.png\",\"contentUrl\":\"https:\/\/www.boris45.com\/wp-content\/uploads\/2024\/11\/logo-boris-45-blanc.png\",\"width\":845,\"height\":594,\"caption\":\"Boris 45\"},\"image\":{\"@id\":\"https:\/\/www.boris45.com\/#\/schema\/logo\/image\/\"}}]}<\/script>\n<!-- \/ Yoast SEO plugin. -->","yoast_head_json":{"title":"LOPD - Boris 45","description":"Pol\u00edtica de Privacidad para candidatos Responsable del Tratamiento: BORIS 45 S.A.U. A efectos del art\u00edculo 10 de la Ley 34\/2002 de 11 de julio, la Ley de","robots":{"index":"noindex","follow":"follow","max-snippet":"max-snippet:-1","max-image-preview":"max-image-preview:large","max-video-preview":"max-video-preview:-1"},"og_locale":"es_ES","og_type":"article","og_title":"LOPD - Boris 45","og_description":"Pol\u00edtica de Privacidad para candidatos Responsable del Tratamiento: BORIS 45 S.A.U. A efectos del art\u00edculo 10 de la Ley 34\/2002 de 11 de julio, la Ley de","og_url":"https:\/\/www.boris45.com\/lopd\/","og_site_name":"Boris 45","article_modified_time":"2025-01-21T13:41:56+00:00","og_image":[{"width":310,"height":151,"url":"https:\/\/www.boris45.com\/wp-content\/uploads\/2024\/11\/logo-boris-45-color.png","type":"image\/png"}],"twitter_card":"summary_large_image","twitter_misc":{"Tiempo de lectura":"2 minutos"},"schema":{"@context":"https:\/\/schema.org","@graph":[{"@type":"WebPage","@id":"https:\/\/www.boris45.com\/lopd\/","url":"https:\/\/www.boris45.com\/lopd\/","name":"LOPD - Boris 45","isPartOf":{"@id":"https:\/\/www.boris45.com\/#website"},"datePublished":"2025-01-21T13:27:39+00:00","dateModified":"2025-01-21T13:41:56+00:00","description":"Pol\u00edtica de Privacidad para candidatos Responsable del Tratamiento: BORIS 45 S.A.U. A efectos del art\u00edculo 10 de la Ley 34\/2002 de 11 de julio, la Ley de","breadcrumb":{"@id":"https:\/\/www.boris45.com\/lopd\/#breadcrumb"},"inLanguage":"es","potentialAction":[{"@type":"ReadAction","target":["https:\/\/www.boris45.com\/lopd\/"]}]},{"@type":"BreadcrumbList","@id":"https:\/\/www.boris45.com\/lopd\/#breadcrumb","itemListElement":[{"@type":"ListItem","position":1,"name":"Portada","item":"https:\/\/www.boris45.com\/es\/inicio\/"},{"@type":"ListItem","position":2,"name":"LOPD"}]},{"@type":"WebSite","@id":"https:\/\/www.boris45.com\/#website","url":"https:\/\/www.boris45.com\/","name":"Boris 45","description":"Serveis de Restauraci\u00f3 per a Col\u00b7lectivitats","publisher":{"@id":"https:\/\/www.boris45.com\/#organization"},"potentialAction":[{"@type":"SearchAction","target":{"@type":"EntryPoint","urlTemplate":"https:\/\/www.boris45.com\/?s={search_term_string}"},"query-input":{"@type":"PropertyValueSpecification","valueRequired":true,"valueName":"search_term_string"}}],"inLanguage":"es"},{"@type":"Organization","@id":"https:\/\/www.boris45.com\/#organization","name":"Boris 45","url":"https:\/\/www.boris45.com\/","logo":{"@type":"ImageObject","inLanguage":"es","@id":"https:\/\/www.boris45.com\/#\/schema\/logo\/image\/","url":"https:\/\/www.boris45.com\/wp-content\/uploads\/2024\/11\/logo-boris-45-blanc.png","contentUrl":"https:\/\/www.boris45.com\/wp-content\/uploads\/2024\/11\/logo-boris-45-blanc.png","width":845,"height":594,"caption":"Boris 45"},"image":{"@id":"https:\/\/www.boris45.com\/#\/schema\/logo\/image\/"}}]}},"_links":{"self":[{"href":"https:\/\/www.boris45.com\/es\/wp-json\/wp\/v2\/pages\/2059","targetHints":{"allow":["GET"]}}],"collection":[{"href":"https:\/\/www.boris45.com\/es\/wp-json\/wp\/v2\/pages"}],"about":[{"href":"https:\/\/www.boris45.com\/es\/wp-json\/wp\/v2\/types\/page"}],"author":[{"embeddable":true,"href":"https:\/\/www.boris45.com\/es\/wp-json\/wp\/v2\/users\/1"}],"replies":[{"embeddable":true,"href":"https:\/\/www.boris45.com\/es\/wp-json\/wp\/v2\/comments?post=2059"}],"version-history":[{"count":1,"href":"https:\/\/www.boris45.com\/es\/wp-json\/wp\/v2\/pages\/2059\/revisions"}],"predecessor-version":[{"id":2060,"href":"https:\/\/www.boris45.com\/es\/wp-json\/wp\/v2\/pages\/2059\/revisions\/2060"}],"wp:attachment":[{"href":"https:\/\/www.boris45.com\/es\/wp-json\/wp\/v2\/media?parent=2059"}],"curies":[{"name":"wp","href":"https:\/\/api.w.org\/{rel}","templated":true}]}}