{"id":2153,"date":"2025-01-29T08:36:49","date_gmt":"2025-01-29T07:36:49","guid":{"rendered":"https:\/\/www.boris45.com\/politica-del-sistema\/"},"modified":"2025-07-01T09:57:03","modified_gmt":"2025-07-01T07:57:03","slug":"politica-del-sistema","status":"publish","type":"page","link":"https:\/\/www.boris45.com\/es\/politica-del-sistema\/","title":{"rendered":"POL\u00cdTICA DEL SISTEMA"},"content":{"rendered":"\t\t<div data-elementor-type=\"wp-page\" data-elementor-id=\"2153\" class=\"elementor elementor-2153 elementor-2139\" data-elementor-post-type=\"page\">\n\t\t\t\t<div class=\"elementor-element elementor-element-0e1534d e-flex e-con-boxed e-con e-parent\" data-id=\"0e1534d\" data-element_type=\"container\" data-e-type=\"container\">\n\t\t\t\t\t<div class=\"e-con-inner\">\n\t\t\t\t<div class=\"elementor-element elementor-element-8b860a8 elementor-widget elementor-widget-heading\" data-id=\"8b860a8\" data-element_type=\"widget\" data-e-type=\"widget\" data-widget_type=\"heading.default\">\n\t\t\t\t<div class=\"elementor-widget-container\">\n\t\t\t\t\t<h2 class=\"elementor-heading-title elementor-size-default\">POL\u00cdTICA DEL SISTEMA<\/h2>\t\t\t\t<\/div>\n\t\t\t\t<\/div>\n\t\t\t\t<div class=\"elementor-element elementor-element-2b2cc9e elementor-widget elementor-widget-text-editor\" data-id=\"2b2cc9e\" data-element_type=\"widget\" data-e-type=\"widget\" data-widget_type=\"text-editor.default\">\n\t\t\t\t<div class=\"elementor-widget-container\">\n\t\t\t\t\t\t\t\t\t<p>Boris 45, S.A. es una empresa familiar que naci\u00f3 en el 1984. Centra su actividad, principalmente, en la restauraci\u00f3n de colectividades y especialmente en el sector sanitario, social y residencial. <\/p>\n<p>Gestionamos los servicios de alimentaci\u00f3n y cafeter\u00edas de nuestros clientes, desarrollando soluciones adaptadas a cada necesidad y teniendo como m\u00e1xima su satisfacci\u00f3n, pero sobre todo la satisfacci\u00f3n de nuestros usuarios.<\/p>\n<p><strong>La Pol\u00edtica del Sistema es el instrumento para cumplir los siguientes valores de la empresa:<\/strong><br \/>Compromiso con el cliente.<br \/>Compromiso de cumplimiento de requisitos legales y otros requisitos.<br \/>Profesionalidad.<br \/>Proximidad.<br \/>Innovaci\u00f3n.<br \/>Honestidad y transparencia.<br \/>Flexibilidad. <\/p>\n<p><strong>La Direcci\u00f3n General de Bor\u00ecs 45, S.A., a trav\u00e9s del Sistema de Gesti\u00f3n, fija los siguientes compromisos:<\/strong><\/p>\n<ol>\n<li>Implantaci\u00f3n de procesos y procedimientos de gesti\u00f3n unificados que permitan establecer las bases de una din\u00e1mica de mejora continua y prevenci\u00f3n de la contaminaci\u00f3n.<\/li>\n<li>Mantenimiento de las certificaciones implantadas.<\/li>\n<li>Conocimiento de las necesidades y expectativas de los clientes para poder asegurar un servicio adecuado, seguro y fiable.<\/li>\n<li>Cumplimiento de las normas de seguridad alimentaria, asegurando a los clientes el suministro de productos alimenticios de calidad, seguros, fiables y conformes con la legislaci\u00f3n en materia de seguridad alimentarla. Para ello establecemos controles en todos los procesos, desde las materias primas hasta el servicio final, con el fin de eliminar los posibles riesgos. <\/li>\n<li>Cumplimiento de los requisitos legales ambientales, de seguridad y salud, as\u00ed como con otros requisitos que suscribamos.<\/li>\n<li>Desarrollar las tareas necesarias para realizar nuestro trabajo apostando por hacerlo de forma segura y con el compromiso de eliminar los peligros y reducir los riesgos para proporcionar condiciones de trabajo seguras y saludables para la prevenci\u00f3n de lesiones y deterioro de la salud de nuestros trabajadores a partir de un desempe\u00f1o de la seguridad y salud en el trabajo que nos lleve a los cero accidentes en los centros de trabajo de Boris 45.<\/li>\n<li>Establecer e implementar procesos para la consulta y la participaci\u00f3n de los trabajadores, y cuando existan, de los representantes de los trabajadores.<\/li>\n<li>B\u00fasqueda de la excelencia y la mejora continua mediante la integraci\u00f3n de nuevos procesos de producci\u00f3n convirtiendo las nuevas tecnolog\u00edas en una garant\u00eda de \u00e9xito.<\/li>\n<\/ol>\n<p>La Direcci\u00f3n de la empresa pondr\u00e1 en conocimiento de los empleados y otras partes interesadas la Pol\u00edtica del Sistema y se compromete a otorgar los medios y recursos necesarios para el establecimiento, la revisi\u00f3n y la consecuci\u00f3n de los objetivos e indicadores propuestos, hecho que redundar\u00e1 en el beneficio tanto de clientes como de la propia organizaci\u00f3n.<\/p>\n<p><em>Barcelona, 18 de enero de 2021<\/em><\/p>\n\t\t\t\t\t\t\t\t<\/div>\n\t\t\t\t<\/div>\n\t\t\t\t\t<\/div>\n\t\t\t\t<\/div>\n\t\t\t\t<\/div>\n\t\t","protected":false},"excerpt":{"rendered":"<p>POL\u00cdTICA DEL SISTEMA Boris 45, S.A. es una empresa familiar que naci\u00f3 en el 1984. Centra su actividad, principalmente, en la restauraci\u00f3n de colectividades y especialmente en el sector sanitario, social y residencial. Gestionamos los servicios de alimentaci\u00f3n y cafeter\u00edas de nuestros clientes, desarrollando soluciones adaptadas a cada necesidad y teniendo como m\u00e1xima su satisfacci\u00f3n, [&hellip;]<\/p>\n","protected":false},"author":1,"featured_media":0,"parent":0,"menu_order":0,"comment_status":"closed","ping_status":"closed","template":"elementor_header_footer","meta":{"footnotes":""},"class_list":["post-2153","page","type-page","status-publish","hentry"],"yoast_head":"<!-- This site is optimized with the Yoast SEO plugin v27.1.1 - https:\/\/yoast.com\/product\/yoast-seo-wordpress\/ -->\n<title>POL\u00cdTICA DEL SISTEMA - Boris 45<\/title>\n<meta name=\"description\" content=\"POL\u00cdTICA DEL SISTEMA Boris 45, S.A. es una empresa familiar que naci\u00f3 en el 1984. Centra su actividad, principalmente, en la restauraci\u00f3n de\" \/>\n<meta name=\"robots\" content=\"noindex, follow, max-snippet:-1, max-image-preview:large, max-video-preview:-1\" \/>\n<meta property=\"og:locale\" content=\"es_ES\" \/>\n<meta property=\"og:type\" content=\"article\" \/>\n<meta property=\"og:title\" content=\"POL\u00cdTICA DEL SISTEMA - Boris 45\" \/>\n<meta property=\"og:description\" content=\"POL\u00cdTICA DEL SISTEMA Boris 45, S.A. es una empresa familiar que naci\u00f3 en el 1984. Centra su actividad, principalmente, en la restauraci\u00f3n de\" \/>\n<meta property=\"og:url\" content=\"https:\/\/www.boris45.com\/es\/politica-del-sistema\/\" \/>\n<meta property=\"og:site_name\" content=\"Boris 45\" \/>\n<meta property=\"article:modified_time\" content=\"2025-07-01T07:57:03+00:00\" \/>\n<meta property=\"og:image\" content=\"https:\/\/www.boris45.com\/wp-content\/uploads\/2024\/11\/logo-boris-45-color.png\" \/>\n\t<meta property=\"og:image:width\" content=\"310\" \/>\n\t<meta property=\"og:image:height\" content=\"151\" \/>\n\t<meta property=\"og:image:type\" content=\"image\/png\" \/>\n<meta name=\"twitter:card\" content=\"summary_large_image\" \/>\n<meta name=\"twitter:label1\" content=\"Tiempo de lectura\" \/>\n\t<meta name=\"twitter:data1\" content=\"2 minutos\" \/>\n<script type=\"application\/ld+json\" class=\"yoast-schema-graph\">{\"@context\":\"https:\/\/schema.org\",\"@graph\":[{\"@type\":\"WebPage\",\"@id\":\"https:\/\/www.boris45.com\/es\/politica-del-sistema\/\",\"url\":\"https:\/\/www.boris45.com\/es\/politica-del-sistema\/\",\"name\":\"POL\u00cdTICA DEL SISTEMA - Boris 45\",\"isPartOf\":{\"@id\":\"https:\/\/www.boris45.com\/#website\"},\"datePublished\":\"2025-01-29T07:36:49+00:00\",\"dateModified\":\"2025-07-01T07:57:03+00:00\",\"description\":\"POL\u00cdTICA DEL SISTEMA Boris 45, S.A. es una empresa familiar que naci\u00f3 en el 1984. Centra su actividad, principalmente, en la restauraci\u00f3n de\",\"breadcrumb\":{\"@id\":\"https:\/\/www.boris45.com\/es\/politica-del-sistema\/#breadcrumb\"},\"inLanguage\":\"es\",\"potentialAction\":[{\"@type\":\"ReadAction\",\"target\":[\"https:\/\/www.boris45.com\/es\/politica-del-sistema\/\"]}]},{\"@type\":\"BreadcrumbList\",\"@id\":\"https:\/\/www.boris45.com\/es\/politica-del-sistema\/#breadcrumb\",\"itemListElement\":[{\"@type\":\"ListItem\",\"position\":1,\"name\":\"Portada\",\"item\":\"https:\/\/www.boris45.com\/es\/inicio\/\"},{\"@type\":\"ListItem\",\"position\":2,\"name\":\"POL\u00cdTICA DEL SISTEMA\"}]},{\"@type\":\"WebSite\",\"@id\":\"https:\/\/www.boris45.com\/#website\",\"url\":\"https:\/\/www.boris45.com\/\",\"name\":\"Boris 45\",\"description\":\"Serveis de Restauraci\u00f3 per a Col\u00b7lectivitats\",\"publisher\":{\"@id\":\"https:\/\/www.boris45.com\/#organization\"},\"potentialAction\":[{\"@type\":\"SearchAction\",\"target\":{\"@type\":\"EntryPoint\",\"urlTemplate\":\"https:\/\/www.boris45.com\/?s={search_term_string}\"},\"query-input\":{\"@type\":\"PropertyValueSpecification\",\"valueRequired\":true,\"valueName\":\"search_term_string\"}}],\"inLanguage\":\"es\"},{\"@type\":\"Organization\",\"@id\":\"https:\/\/www.boris45.com\/#organization\",\"name\":\"Boris 45\",\"url\":\"https:\/\/www.boris45.com\/\",\"logo\":{\"@type\":\"ImageObject\",\"inLanguage\":\"es\",\"@id\":\"https:\/\/www.boris45.com\/#\/schema\/logo\/image\/\",\"url\":\"https:\/\/www.boris45.com\/wp-content\/uploads\/2024\/11\/logo-boris-45-blanc.png\",\"contentUrl\":\"https:\/\/www.boris45.com\/wp-content\/uploads\/2024\/11\/logo-boris-45-blanc.png\",\"width\":845,\"height\":594,\"caption\":\"Boris 45\"},\"image\":{\"@id\":\"https:\/\/www.boris45.com\/#\/schema\/logo\/image\/\"}}]}<\/script>\n<!-- \/ Yoast SEO plugin. -->","yoast_head_json":{"title":"POL\u00cdTICA DEL SISTEMA - Boris 45","description":"POL\u00cdTICA DEL SISTEMA Boris 45, S.A. es una empresa familiar que naci\u00f3 en el 1984. Centra su actividad, principalmente, en la restauraci\u00f3n de","robots":{"index":"noindex","follow":"follow","max-snippet":"max-snippet:-1","max-image-preview":"max-image-preview:large","max-video-preview":"max-video-preview:-1"},"og_locale":"es_ES","og_type":"article","og_title":"POL\u00cdTICA DEL SISTEMA - Boris 45","og_description":"POL\u00cdTICA DEL SISTEMA Boris 45, S.A. es una empresa familiar que naci\u00f3 en el 1984. Centra su actividad, principalmente, en la restauraci\u00f3n de","og_url":"https:\/\/www.boris45.com\/es\/politica-del-sistema\/","og_site_name":"Boris 45","article_modified_time":"2025-07-01T07:57:03+00:00","og_image":[{"width":310,"height":151,"url":"https:\/\/www.boris45.com\/wp-content\/uploads\/2024\/11\/logo-boris-45-color.png","type":"image\/png"}],"twitter_card":"summary_large_image","twitter_misc":{"Tiempo de lectura":"2 minutos"},"schema":{"@context":"https:\/\/schema.org","@graph":[{"@type":"WebPage","@id":"https:\/\/www.boris45.com\/es\/politica-del-sistema\/","url":"https:\/\/www.boris45.com\/es\/politica-del-sistema\/","name":"POL\u00cdTICA DEL SISTEMA - Boris 45","isPartOf":{"@id":"https:\/\/www.boris45.com\/#website"},"datePublished":"2025-01-29T07:36:49+00:00","dateModified":"2025-07-01T07:57:03+00:00","description":"POL\u00cdTICA DEL SISTEMA Boris 45, S.A. es una empresa familiar que naci\u00f3 en el 1984. Centra su actividad, principalmente, en la restauraci\u00f3n de","breadcrumb":{"@id":"https:\/\/www.boris45.com\/es\/politica-del-sistema\/#breadcrumb"},"inLanguage":"es","potentialAction":[{"@type":"ReadAction","target":["https:\/\/www.boris45.com\/es\/politica-del-sistema\/"]}]},{"@type":"BreadcrumbList","@id":"https:\/\/www.boris45.com\/es\/politica-del-sistema\/#breadcrumb","itemListElement":[{"@type":"ListItem","position":1,"name":"Portada","item":"https:\/\/www.boris45.com\/es\/inicio\/"},{"@type":"ListItem","position":2,"name":"POL\u00cdTICA DEL SISTEMA"}]},{"@type":"WebSite","@id":"https:\/\/www.boris45.com\/#website","url":"https:\/\/www.boris45.com\/","name":"Boris 45","description":"Serveis de Restauraci\u00f3 per a Col\u00b7lectivitats","publisher":{"@id":"https:\/\/www.boris45.com\/#organization"},"potentialAction":[{"@type":"SearchAction","target":{"@type":"EntryPoint","urlTemplate":"https:\/\/www.boris45.com\/?s={search_term_string}"},"query-input":{"@type":"PropertyValueSpecification","valueRequired":true,"valueName":"search_term_string"}}],"inLanguage":"es"},{"@type":"Organization","@id":"https:\/\/www.boris45.com\/#organization","name":"Boris 45","url":"https:\/\/www.boris45.com\/","logo":{"@type":"ImageObject","inLanguage":"es","@id":"https:\/\/www.boris45.com\/#\/schema\/logo\/image\/","url":"https:\/\/www.boris45.com\/wp-content\/uploads\/2024\/11\/logo-boris-45-blanc.png","contentUrl":"https:\/\/www.boris45.com\/wp-content\/uploads\/2024\/11\/logo-boris-45-blanc.png","width":845,"height":594,"caption":"Boris 45"},"image":{"@id":"https:\/\/www.boris45.com\/#\/schema\/logo\/image\/"}}]}},"_links":{"self":[{"href":"https:\/\/www.boris45.com\/es\/wp-json\/wp\/v2\/pages\/2153","targetHints":{"allow":["GET"]}}],"collection":[{"href":"https:\/\/www.boris45.com\/es\/wp-json\/wp\/v2\/pages"}],"about":[{"href":"https:\/\/www.boris45.com\/es\/wp-json\/wp\/v2\/types\/page"}],"author":[{"embeddable":true,"href":"https:\/\/www.boris45.com\/es\/wp-json\/wp\/v2\/users\/1"}],"replies":[{"embeddable":true,"href":"https:\/\/www.boris45.com\/es\/wp-json\/wp\/v2\/comments?post=2153"}],"version-history":[{"count":2,"href":"https:\/\/www.boris45.com\/es\/wp-json\/wp\/v2\/pages\/2153\/revisions"}],"predecessor-version":[{"id":2390,"href":"https:\/\/www.boris45.com\/es\/wp-json\/wp\/v2\/pages\/2153\/revisions\/2390"}],"wp:attachment":[{"href":"https:\/\/www.boris45.com\/es\/wp-json\/wp\/v2\/media?parent=2153"}],"curies":[{"name":"wp","href":"https:\/\/api.w.org\/{rel}","templated":true}]}}